{"id":788,"date":"2020-11-05T22:19:01","date_gmt":"2020-11-05T22:19:01","guid":{"rendered":"http:\/\/www.santamariadelosangeles.cl\/web\/?page_id=788"},"modified":"2023-03-20T11:29:36","modified_gmt":"2023-03-20T14:29:36","slug":"pastoral","status":"publish","type":"page","link":"https:\/\/www.santamariadelosangeles.cl\/web\/pastoral\/","title":{"rendered":"INFANCIA  Y ADOLESCENCIA MISIONERA"},"content":{"rendered":"\t\t<div data-elementor-type=\"wp-page\" data-elementor-id=\"788\" class=\"elementor elementor-788\">\n\t\t\t\t\t\t<div class=\"elementor-inner\">\n\t\t\t\t<div class=\"elementor-section-wrap\">\n\t\t\t\t\t\t\t\t\t<section class=\"elementor-section elementor-top-section elementor-element elementor-element-314d7a0 elementor-section-boxed elementor-section-height-default elementor-section-height-default\" data-id=\"314d7a0\" data-element_type=\"section\">\n\t\t\t\t\t\t<div class=\"elementor-container elementor-column-gap-default\">\n\t\t\t\t\t\t\t<div class=\"elementor-row\">\n\t\t\t\t\t<div class=\"elementor-column elementor-col-100 elementor-top-column elementor-element elementor-element-3662db0\" data-id=\"3662db0\" data-element_type=\"column\">\n\t\t\t<div class=\"elementor-column-wrap elementor-element-populated\">\n\t\t\t\t\t\t\t<div class=\"elementor-widget-wrap\">\n\t\t\t\t\t\t<div class=\"elementor-element elementor-element-37a8386 elementor-widget elementor-widget-heading\" data-id=\"37a8386\" data-element_type=\"widget\" data-widget_type=\"heading.default\">\n\t\t\t\t<div class=\"elementor-widget-container\">\n\t\t\t<h2 class=\"elementor-heading-title elementor-size-default\">PASTORAL FMSC<\/h2>\t\t<\/div>\n\t\t\t\t<\/div>\n\t\t\t\t<div class=\"elementor-element elementor-element-eb47da5 elementor-widget-divider--view-line_text elementor-widget-divider--element-align-center elementor-widget elementor-widget-divider\" data-id=\"eb47da5\" data-element_type=\"widget\" data-widget_type=\"divider.default\">\n\t\t\t\t<div class=\"elementor-widget-container\">\n\t\t\t\t\t<div class=\"elementor-divider\">\n\t\t\t<span class=\"elementor-divider-separator\">\n\t\t\t\t\t\t\t<span class=\"elementor-divider__text elementor-divider__element\">\n\t\t\t\tInfancia Misionera\t\t\t\t<\/span>\n\t\t\t\t\t\t<\/span>\n\t\t<\/div>\n\t\t\t\t<\/div>\n\t\t\t\t<\/div>\n\t\t\t\t\t\t<\/div>\n\t\t\t\t\t<\/div>\n\t\t<\/div>\n\t\t\t\t\t\t\t\t<\/div>\n\t\t\t\t\t<\/div>\n\t\t<\/section>\n\t\t\t\t<section class=\"elementor-section elementor-top-section elementor-element elementor-element-c0270b5 elementor-section-boxed elementor-section-height-default elementor-section-height-default\" data-id=\"c0270b5\" data-element_type=\"section\">\n\t\t\t\t\t\t<div class=\"elementor-container elementor-column-gap-default\">\n\t\t\t\t\t\t\t<div class=\"elementor-row\">\n\t\t\t\t\t<div class=\"elementor-column elementor-col-50 elementor-top-column elementor-element elementor-element-05d29fa\" data-id=\"05d29fa\" data-element_type=\"column\">\n\t\t\t<div class=\"elementor-column-wrap elementor-element-populated\">\n\t\t\t\t\t\t\t<div class=\"elementor-widget-wrap\">\n\t\t\t\t\t\t<div class=\"elementor-element elementor-element-fa0652a elementor-widget elementor-widget-image\" data-id=\"fa0652a\" data-element_type=\"widget\" data-widget_type=\"image.default\">\n\t\t\t\t<div class=\"elementor-widget-container\">\n\t\t\t\t\t\t\t\t<div class=\"elementor-image\">\n\t\t\t\t\t\t\t\t\t\t\t\t<img loading=\"lazy\" decoding=\"async\" width=\"300\" height=\"298\" src=\"https:\/\/www.santamariadelosangeles.cl\/web\/wp-content\/uploads\/2023\/03\/infancia_misionera-300x298.jpg\" class=\"attachment-medium size-medium wp-image-6898\" alt=\"\" srcset=\"https:\/\/www.santamariadelosangeles.cl\/web\/wp-content\/uploads\/2023\/03\/infancia_misionera-300x298.jpg 300w, https:\/\/www.santamariadelosangeles.cl\/web\/wp-content\/uploads\/2023\/03\/infancia_misionera-150x150.jpg 150w, https:\/\/www.santamariadelosangeles.cl\/web\/wp-content\/uploads\/2023\/03\/infancia_misionera.jpg 626w\" sizes=\"(max-width: 300px) 100vw, 300px\" \/>\t\t\t\t\t\t\t\t\t\t\t\t\t\t<\/div>\n\t\t\t\t\t\t<\/div>\n\t\t\t\t<\/div>\n\t\t\t\t<div class=\"elementor-element elementor-element-c5b38a7 elementor-widget elementor-widget-text-editor\" data-id=\"c5b38a7\" data-element_type=\"widget\" data-widget_type=\"text-editor.default\">\n\t\t\t\t<div class=\"elementor-widget-container\">\n\t\t\t\t\t\t\t\t<div class=\"elementor-text-editor elementor-clearfix\">\n\t\t\t\t<table border=\"0\" width=\"609\" cellspacing=\"0\" cellpadding=\"0\"><tbody><tr><td valign=\"top\" width=\"609\"><p align=\"justify\">La Infancia Misionera, realmente, es la principal Obra de la Iglesia universal y de cada Iglesia particular para la pastoral misionera con los ni\u00f1os.<\/p><p align=\"justify\">\u00a0\u00a0\u00a0\u00a0\u00a0\u00a0\u00a0 Este servicio misionero se realiza con\u00a0<b>el protagonismo de los mismos ni\u00f1os<\/b>. Jes\u00fas mismo es quien les ha dado una misi\u00f3n muy importante en la Iglesia y en el mundo. Ellos mismos han de realizarla evangeliz\u00e1ndose y evangelizando. Los ni\u00f1os ciertamente son destinatarios de la pastoral misionera. Pero, ante todo, son sus protagonistas: por ello, la pastoral misionera habr\u00e1 de ser siempre\u00a0<b>\u00abcon\u00bb los ni\u00f1os<\/b>.<\/p><\/td><\/tr><\/tbody><\/table>\t\t\t\t\t<\/div>\n\t\t\t\t\t\t<\/div>\n\t\t\t\t<\/div>\n\t\t\t\t<div class=\"elementor-element elementor-element-049b485 elementor-blockquote--skin-boxed elementor-blockquote--align-left elementor-blockquote--button-color-custom elementor-widget elementor-widget-blockquote\" data-id=\"049b485\" data-element_type=\"widget\" data-widget_type=\"blockquote.default\">\n\t\t\t\t<div class=\"elementor-widget-container\">\n\t\t\t\t\t<blockquote class=\"elementor-blockquote\">\n\t\t\t<p class=\"elementor-blockquote__content\">\n\t\t\t\thttps:\/\/www.vatican.va\/roman_curia\/congregations\/cevang\/p_missionary_works\/infantia\/documents\/rc_ic_infantia_doc_20011109_esamp12_sp.html#:~:text=La%20Infancia%20Misionera%2C%20realmente%2C%20es,Iglesia%20y%20en%20el%20mundo.\t\t\t<\/p>\n\t\t\t\t\t<\/blockquote>\n\t\t\t\t<\/div>\n\t\t\t\t<\/div>\n\t\t\t\t\t\t<\/div>\n\t\t\t\t\t<\/div>\n\t\t<\/div>\n\t\t\t\t<div class=\"elementor-column elementor-col-50 elementor-top-column elementor-element elementor-element-bb0d740\" data-id=\"bb0d740\" data-element_type=\"column\">\n\t\t\t<div class=\"elementor-column-wrap elementor-element-populated\">\n\t\t\t\t\t\t\t<div class=\"elementor-widget-wrap\">\n\t\t\t\t\t\t<div class=\"elementor-element elementor-element-ddfeab5 elementor-headline--style-highlight elementor-invisible elementor-widget elementor-widget-animated-headline\" data-id=\"ddfeab5\" data-element_type=\"widget\" data-settings=\"{&quot;marker&quot;:&quot;underline&quot;,&quot;highlighted_text&quot;:&quot;...&quot;,&quot;_animation&quot;:&quot;fadeInUp&quot;,&quot;headline_style&quot;:&quot;highlight&quot;,&quot;loop&quot;:&quot;yes&quot;,&quot;highlight_animation_duration&quot;:1200,&quot;highlight_iteration_delay&quot;:8000}\" data-widget_type=\"animated-headline.default\">\n\t\t\t\t<div class=\"elementor-widget-container\">\n\t\t\t\t\t<h3 class=\"elementor-headline\">\n\t\t\t\t\t<span class=\"elementor-headline-plain-text elementor-headline-text-wrapper\">Un poquito de historia<\/span>\n\t\t\t\t<span class=\"elementor-headline-dynamic-wrapper elementor-headline-text-wrapper\">\n\t\t\t\t\t<span class=\"elementor-headline-dynamic-text elementor-headline-text-active\">...<\/span>\n\t\t\t\t<\/span>\n\t\t\t\t<\/h3>\n\t\t\t\t<\/div>\n\t\t\t\t<\/div>\n\t\t\t\t<div class=\"elementor-element elementor-element-450adaf elementor-widget elementor-widget-text-editor\" data-id=\"450adaf\" data-element_type=\"widget\" data-widget_type=\"text-editor.default\">\n\t\t\t\t<div class=\"elementor-widget-container\">\n\t\t\t\t\t\t\t\t<div class=\"elementor-text-editor elementor-clearfix\">\n\t\t\t\t<p>Monse\u00f1or Carlos Augusto de Forbin-Janson, obispo franc\u00e9s de mediados del siglo XIX, impresionado por las noticias que llegaban de China sobre muchos ni\u00f1os y ni\u00f1as que mor\u00edan diariamente y lamentando no poder irse como misionero, pidi\u00f3 consejo a Paulina Jaricot, fundadora de la Obra Pontificia Propagaci\u00f3n de la Fe. El intercambio de ideas fue esclarecedor. Monse\u00f1or tuvo la idea de involucrar a los ni\u00f1os y ni\u00f1as para que, a trav\u00e9s de la oraci\u00f3n y el aporte de una moneda al mes, pudieran ayudar a sus pares m\u00e1s necesitados. Con la consigna \u201cUn Ave Mar\u00eda al d\u00eda, una moneda al mes\u201d para rescatar a un ni\u00f1o y salvar su alma, fue el compromiso propuesto por el Obispo a los ni\u00f1os. El 19 de mayo de 1843 empez\u00f3 con esta iniciativa la semilla de la que brotar\u00eda la Obra que hasta hoy tenemos. A\u00f1os m\u00e1s tarde se cambi\u00f3 el lema a: \u00ablos ni\u00f1os ayudan a los ni\u00f1os\u00bb, que resume la intuici\u00f3n del fundador y el carisma de la obra. El 3 de mayo de 1922 el Papa P\u00edo XI, consciente de la gran contribuci\u00f3n de la Obra, la hizo suya, reconoci\u00e9ndola como Pontificia. El 4 de diciembre de 1950, el Papa P\u00edo XII instituy\u00f3 la Jornada Mundial de la Santa Infancia, declarando como fecha de celebraci\u00f3n el d\u00eda de la Epifan\u00eda, pero dando libertad a cada naci\u00f3n de adaptar la fecha. En Chile se celebra la tercera semana de Junio (JN IAM).<\/p>\t\t\t\t\t<\/div>\n\t\t\t\t\t\t<\/div>\n\t\t\t\t<\/div>\n\t\t\t\t\t\t<\/div>\n\t\t\t\t\t<\/div>\n\t\t<\/div>\n\t\t\t\t\t\t\t\t<\/div>\n\t\t\t\t\t<\/div>\n\t\t<\/section>\n\t\t\t\t\t\t\t\t\t<\/div>\n\t\t\t<\/div>\n\t\t\t\t\t<\/div>\n\t\t","protected":false},"excerpt":{"rendered":"<p>PASTORAL FMSC Infancia Misionera La Infancia Misionera, realmente, es la principal Obra de la Iglesia universal y de cada Iglesia particular para la pastoral misionera con los ni\u00f1os. \u00a0\u00a0\u00a0\u00a0\u00a0\u00a0\u00a0 Este servicio misionero se realiza con\u00a0el protagonismo de los mismos ni\u00f1os. Jes\u00fas mismo es quien les ha dado una misi\u00f3n muy importante en la Iglesia y [&hellip;]<\/p>\n","protected":false},"author":2,"featured_media":0,"parent":0,"menu_order":0,"comment_status":"closed","ping_status":"closed","template":"","meta":{"footnotes":""},"class_list":["post-788","page","type-page","status-publish","hentry"],"_links":{"self":[{"href":"https:\/\/www.santamariadelosangeles.cl\/web\/wp-json\/wp\/v2\/pages\/788"}],"collection":[{"href":"https:\/\/www.santamariadelosangeles.cl\/web\/wp-json\/wp\/v2\/pages"}],"about":[{"href":"https:\/\/www.santamariadelosangeles.cl\/web\/wp-json\/wp\/v2\/types\/page"}],"author":[{"embeddable":true,"href":"https:\/\/www.santamariadelosangeles.cl\/web\/wp-json\/wp\/v2\/users\/2"}],"replies":[{"embeddable":true,"href":"https:\/\/www.santamariadelosangeles.cl\/web\/wp-json\/wp\/v2\/comments?post=788"}],"version-history":[{"count":16,"href":"https:\/\/www.santamariadelosangeles.cl\/web\/wp-json\/wp\/v2\/pages\/788\/revisions"}],"predecessor-version":[{"id":6904,"href":"https:\/\/www.santamariadelosangeles.cl\/web\/wp-json\/wp\/v2\/pages\/788\/revisions\/6904"}],"wp:attachment":[{"href":"https:\/\/www.santamariadelosangeles.cl\/web\/wp-json\/wp\/v2\/media?parent=788"}],"curies":[{"name":"wp","href":"https:\/\/api.w.org\/{rel}","templated":true}]}}