{"id":5030,"date":"2022-05-20T12:53:45","date_gmt":"2022-05-20T15:53:45","guid":{"rendered":"http:\/\/www.santamariadelosangeles.cl\/web\/?page_id=5030"},"modified":"2024-09-23T08:54:37","modified_gmt":"2024-09-23T11:54:37","slug":"comite-paritario","status":"publish","type":"page","link":"https:\/\/www.santamariadelosangeles.cl\/web\/comite-paritario\/","title":{"rendered":"COMIT\u00c9 PARITARIO"},"content":{"rendered":"\t\t<div data-elementor-type=\"wp-page\" data-elementor-id=\"5030\" class=\"elementor elementor-5030\">\n\t\t\t\t\t\t<div class=\"elementor-inner\">\n\t\t\t\t<div class=\"elementor-section-wrap\">\n\t\t\t\t\t\t\t\t\t<section class=\"elementor-section elementor-top-section elementor-element elementor-element-eae6877 elementor-section-boxed elementor-section-height-default elementor-section-height-default\" data-id=\"eae6877\" data-element_type=\"section\">\n\t\t\t\t\t\t<div class=\"elementor-container elementor-column-gap-default\">\n\t\t\t\t\t\t\t<div class=\"elementor-row\">\n\t\t\t\t\t<div class=\"elementor-column elementor-col-100 elementor-top-column elementor-element elementor-element-d85e423\" data-id=\"d85e423\" data-element_type=\"column\">\n\t\t\t<div class=\"elementor-column-wrap elementor-element-populated\">\n\t\t\t\t\t\t\t<div class=\"elementor-widget-wrap\">\n\t\t\t\t\t\t<div class=\"elementor-element elementor-element-db50c7b elementor-widget-divider--view-line_text elementor-widget-divider--element-align-center elementor-widget elementor-widget-divider\" data-id=\"db50c7b\" data-element_type=\"widget\" data-widget_type=\"divider.default\">\n\t\t\t\t<div class=\"elementor-widget-container\">\n\t\t\t\t\t<div class=\"elementor-divider\">\n\t\t\t<span class=\"elementor-divider-separator\">\n\t\t\t\t\t\t\t<span class=\"elementor-divider__text elementor-divider__element\">\n\t\t\t\tCOMIT\u00c9 PARITARIO DE HIGIENE Y SEGURIDAD (CPHS)\t\t\t\t<\/span>\n\t\t\t\t\t\t<\/span>\n\t\t<\/div>\n\t\t\t\t<\/div>\n\t\t\t\t<\/div>\n\t\t\t\t\t\t<\/div>\n\t\t\t\t\t<\/div>\n\t\t<\/div>\n\t\t\t\t\t\t\t\t<\/div>\n\t\t\t\t\t<\/div>\n\t\t<\/section>\n\t\t\t\t<section class=\"elementor-section elementor-top-section elementor-element elementor-element-9fe47ee elementor-section-boxed elementor-section-height-default elementor-section-height-default\" data-id=\"9fe47ee\" data-element_type=\"section\">\n\t\t\t\t\t\t\t<div class=\"elementor-background-overlay\"><\/div>\n\t\t\t\t\t\t\t<div class=\"elementor-container elementor-column-gap-default\">\n\t\t\t\t\t\t\t<div class=\"elementor-row\">\n\t\t\t\t\t<div class=\"elementor-column elementor-col-100 elementor-top-column elementor-element elementor-element-9298976\" data-id=\"9298976\" data-element_type=\"column\">\n\t\t\t<div class=\"elementor-column-wrap elementor-element-populated\">\n\t\t\t\t\t\t\t<div class=\"elementor-widget-wrap\">\n\t\t\t\t\t\t<section class=\"elementor-section elementor-inner-section elementor-element elementor-element-e1f179d elementor-section-boxed elementor-section-height-default elementor-section-height-default\" data-id=\"e1f179d\" data-element_type=\"section\">\n\t\t\t\t\t\t<div class=\"elementor-container elementor-column-gap-default\">\n\t\t\t\t\t\t\t<div class=\"elementor-row\">\n\t\t\t\t\t<div class=\"elementor-column elementor-col-100 elementor-inner-column elementor-element elementor-element-e185212\" data-id=\"e185212\" data-element_type=\"column\">\n\t\t\t<div class=\"elementor-column-wrap elementor-element-populated\">\n\t\t\t\t\t\t\t<div class=\"elementor-widget-wrap\">\n\t\t\t\t\t\t<div class=\"elementor-element elementor-element-1787baa elementor-widget elementor-widget-text-editor\" data-id=\"1787baa\" data-element_type=\"widget\" data-widget_type=\"text-editor.default\">\n\t\t\t\t<div class=\"elementor-widget-container\">\n\t\t\t\t\t\t\t\t<div class=\"elementor-text-editor elementor-clearfix\">\n\t\t\t\t<p><span style=\"color: #000000;\"><em><strong><span style=\"font-size: 14pt;\">\u00bfQu\u00e9 es el Comit\u00e9 Paritario?<\/span><\/strong><\/em><\/span><br \/><span style=\"color: #000000;\">Es un equipo de trabajo, formado por representes de la Empresa y de los<\/span><br \/><span style=\"color: #000000;\">trabajadores, cuya principal funci\u00f3n es:<\/span><br \/><span style=\"color: #000000;\">1) Asesorar e instruir a los trabajadores para la correcta utilizaci\u00f3n de los<\/span><br \/><span style=\"color: #000000;\">elementos de protecci\u00f3n personal.<\/span><br \/><span style=\"color: #000000;\">2) Vigilar el cumplimiento, tanto por parte de los trabajadores como de<\/span><br \/><span style=\"color: #000000;\">la empresa, de las medidas de Prevenci\u00f3n, Higiene y Seguridad.<\/span><br \/><span style=\"color: #000000;\">3) Investigar las causas de los accidentes del trabajo y enfermedades<\/span><br \/><span style=\"color: #000000;\">profesionales que se produzcan en la empresa.<\/span><br \/><span style=\"color: #000000;\">4) Adoptar las medidas de higiene y seguridad que faciliten la prevenci\u00f3n<\/span><br \/><span style=\"color: #000000;\">de riesgos profesionales.<\/span><br \/><span style=\"color: #000000;\">5) Cumplir con todas las funciones que encomiende el organismo<\/span><br \/><span style=\"color: #000000;\">administrador de la Mutual de Seguridad CCHC.<\/span><br \/><span style=\"color: #000000;\">6) Promover la realizaci\u00f3n de cursos de capacitaci\u00f3n profesional<\/span><br \/><span style=\"color: #000000;\">destinada a los trabajadores.<\/span><\/p><p><span style=\"color: #000000;\"><em><strong><span style=\"font-size: 14pt;\">INTEGRANTES<\/span><\/strong><\/em><\/span><br \/><span style=\"color: #000000;\"><em><strong><span style=\"font-size: 14pt;\">COMIT\u00c9 PARITARIO DE HIGIENE DE SEGUIRIDAD<\/span><\/strong><\/em><\/span><\/p><p><span style=\"color: #000000;\">Presidenta: Cecilia Araya<\/span><br \/><span style=\"color: #000000;\">Secretaria: Carolina Cerpa<\/span><br \/><span style=\"color: #000000;\">Comisi\u00f3n de Investigaci\u00f3n: Jorge Rojas \u2013 Jos\u00e9 Quijada \u2013 Dania Oyarz\u00fan<\/span><br \/><span style=\"color: #000000;\">Carolina Cerpa<\/span><br \/><span style=\"color: #000000;\">Detecci\u00f3n de Riesgos: Jos\u00e9 Cort\u00e9s \u2013 Ang\u00e9lica Lorca<\/span><br \/><span style=\"color: #000000;\">Nelly Olgu\u00edn<\/span><br \/><span style=\"color: #000000;\">Capacitaci\u00f3n y Difusi\u00f3n: M\u00f3nica C\u00e1ceres \u2013 Marianela Rojo<\/span><br \/><span style=\"color: #000000;\">Magdalena Romero\u00a0<\/span><br \/><span style=\"color: #000000;\">Representante Empresa: Ang\u00e9lica Lorca \u2013 M\u00f3nica C\u00e1ceres<\/span><br \/><span style=\"color: #000000;\">Representante Trabajadores: Jos\u00e9 Cort\u00e9s \u2013 Cecilia Araya \u2013 Jorge Rojas<\/span><br \/><span style=\"color: #000000;\">Dania Oyarz\u00fan \u2013 Nelly Olgu\u00edn\u00a0<\/span><\/p>\t\t\t\t\t<\/div>\n\t\t\t\t\t\t<\/div>\n\t\t\t\t<\/div>\n\t\t\t\t\t\t<\/div>\n\t\t\t\t\t<\/div>\n\t\t<\/div>\n\t\t\t\t\t\t\t\t<\/div>\n\t\t\t\t\t<\/div>\n\t\t<\/section>\n\t\t\t\t\t\t<\/div>\n\t\t\t\t\t<\/div>\n\t\t<\/div>\n\t\t\t\t\t\t\t\t<\/div>\n\t\t\t\t\t<\/div>\n\t\t<\/section>\n\t\t\t\t\t\t\t\t\t<\/div>\n\t\t\t<\/div>\n\t\t\t\t\t<\/div>\n\t\t","protected":false},"excerpt":{"rendered":"<p>COMIT\u00c9 PARITARIO DE HIGIENE Y SEGURIDAD (CPHS) \u00bfQu\u00e9 es el Comit\u00e9 Paritario?Es un equipo de trabajo, formado por representes de la Empresa y de lostrabajadores, cuya principal funci\u00f3n es:1) Asesorar e instruir a los trabajadores para la correcta utilizaci\u00f3n de loselementos de protecci\u00f3n personal.2) Vigilar el cumplimiento, tanto por parte de los trabajadores como dela [&hellip;]<\/p>\n","protected":false},"author":2,"featured_media":0,"parent":0,"menu_order":0,"comment_status":"closed","ping_status":"closed","template":"","meta":{"footnotes":""},"class_list":["post-5030","page","type-page","status-publish","hentry"],"_links":{"self":[{"href":"https:\/\/www.santamariadelosangeles.cl\/web\/wp-json\/wp\/v2\/pages\/5030"}],"collection":[{"href":"https:\/\/www.santamariadelosangeles.cl\/web\/wp-json\/wp\/v2\/pages"}],"about":[{"href":"https:\/\/www.santamariadelosangeles.cl\/web\/wp-json\/wp\/v2\/types\/page"}],"author":[{"embeddable":true,"href":"https:\/\/www.santamariadelosangeles.cl\/web\/wp-json\/wp\/v2\/users\/2"}],"replies":[{"embeddable":true,"href":"https:\/\/www.santamariadelosangeles.cl\/web\/wp-json\/wp\/v2\/comments?post=5030"}],"version-history":[{"count":19,"href":"https:\/\/www.santamariadelosangeles.cl\/web\/wp-json\/wp\/v2\/pages\/5030\/revisions"}],"predecessor-version":[{"id":12184,"href":"https:\/\/www.santamariadelosangeles.cl\/web\/wp-json\/wp\/v2\/pages\/5030\/revisions\/12184"}],"wp:attachment":[{"href":"https:\/\/www.santamariadelosangeles.cl\/web\/wp-json\/wp\/v2\/media?parent=5030"}],"curies":[{"name":"wp","href":"https:\/\/api.w.org\/{rel}","templated":true}]}}