{"id":4761,"date":"2022-05-06T12:51:19","date_gmt":"2022-05-06T15:51:19","guid":{"rendered":"http:\/\/www.santamariadelosangeles.cl\/web\/?page_id=4761"},"modified":"2026-05-04T09:53:21","modified_gmt":"2026-05-04T12:53:21","slug":"correos-institucionales-2023","status":"publish","type":"page","link":"https:\/\/www.santamariadelosangeles.cl\/web\/correos-institucionales-2023\/","title":{"rendered":"CORREOS INSTITUCIONALES"},"content":{"rendered":"\t\t<div data-elementor-type=\"wp-page\" data-elementor-id=\"4761\" class=\"elementor elementor-4761\">\n\t\t\t\t\t\t<div class=\"elementor-inner\">\n\t\t\t\t<div class=\"elementor-section-wrap\">\n\t\t\t\t\t\t\t\t\t<section class=\"elementor-section elementor-top-section elementor-element elementor-element-9066809 elementor-section-boxed elementor-section-height-default elementor-section-height-default\" data-id=\"9066809\" data-element_type=\"section\">\n\t\t\t\t\t\t<div class=\"elementor-container elementor-column-gap-default\">\n\t\t\t\t\t\t\t<div class=\"elementor-row\">\n\t\t\t\t\t<div class=\"elementor-column elementor-col-100 elementor-top-column elementor-element elementor-element-e4dbd56\" data-id=\"e4dbd56\" data-element_type=\"column\">\n\t\t\t<div class=\"elementor-column-wrap elementor-element-populated\">\n\t\t\t\t\t\t\t<div class=\"elementor-widget-wrap\">\n\t\t\t\t\t\t<div class=\"elementor-element elementor-element-eabb579 elementor-widget__width-initial elementor-widget elementor-widget-text-editor\" data-id=\"eabb579\" data-element_type=\"widget\" data-widget_type=\"text-editor.default\">\n\t\t\t\t<div class=\"elementor-widget-container\">\n\t\t\t\t\t\t\t\t<div class=\"elementor-text-editor elementor-clearfix\">\n\t\t\t\t<table style=\"height: 7414px; width: 650px; background-color: #faf5f5; border-style: double; border-color: #e6ad32;\" border=\"2\" width=\"650\"><tbody><tr style=\"border-color: #8a3f0a; background-color: #f2f080; height: 77px;\"><td style=\"width: 51.9652%; height: 77px;\" width=\"250\"><p><strong>Nombre del Profesor<\/strong><\/p><\/td><td style=\"width: 47.6888%; height: 77px;\" width=\"250\"><p><strong>Correo electr\u00f3nico<\/strong><\/p><\/td><\/tr><tr style=\"background-color: #946969; height: 180px;\"><td style=\"width: 51.9652%; height: 180px;\" width=\"250\"><p><span style=\"color: #ffffff;\"><strong>ARAYA ACOSTA CECILIA JACQUELINE<\/strong><\/span><\/p><p><span style=\"color: #ffffff;\">Profesora Ense\u00f1anza B\u00e1sica<\/span><\/p><\/td><td style=\"width: 47.6888%; height: 180px;\" width=\"250\"><p><span style=\"color: #000000;\">caraya@smla.cl<\/span><\/p><\/td><\/tr><tr style=\"height: 207px;\"><td style=\"width: 51.9652%; height: 207px;\" width=\"250\"><p><span style=\"color: #000000;\"><strong>BELLO CONTRERAS GERARDO ANTONIO<\/strong><\/span><\/p><p><span style=\"color: #000000;\">M\u00fasica &#8211; Profesor Ed. Musical<\/span><\/p><\/td><td style=\"width: 47.6888%; height: 207px;\" width=\"250\"><p><span style=\"color: #000000;\">gbello@smla.cl<\/span><\/p><\/td><\/tr><tr style=\"height: 154px;\"><td style=\"width: 51.9652%; height: 154px;\" width=\"250\"><p><span style=\"color: #000000;\"><strong>CACERES LAUQUEN MARIA JOSE<\/strong><\/span><\/p><p><span style=\"color: #000000;\">Profesora Filosof\u00eda<\/span><\/p><\/td><td style=\"width: 47.6888%; height: 154px;\" width=\"250\"><p><span style=\"color: #000000;\">mjcaceres@smla.cl<\/span><\/p><\/td><\/tr><tr style=\"height: 180px;\"><td style=\"width: 51.9652%; height: 180px;\" width=\"250\"><p><span style=\"color: #000000;\"><strong>D\u00cdAZ IGNACIA<\/strong><\/span><\/p><p><span style=\"color: #000000;\">Profesora de Religi\u00f3n<\/span><\/p><\/td><td style=\"width: 47.6888%; height: 180px;\" width=\"250\"><p><span style=\"color: #000000;\">idiaz@smla.cl<\/span><\/p><\/td><\/tr><tr style=\"height: 180px;\"><td style=\"width: 51.9652%; height: 180px;\" width=\"250\"><p><span style=\"color: #000000;\"><strong>CASTILLO MORALES JOSE LUIS<\/strong><\/span><\/p><p><span style=\"color: #000000;\">Profesor de Historia<\/span><\/p><\/td><td style=\"width: 47.6888%; height: 180px;\" width=\"250\"><p><span style=\"color: #000000;\">jcastillo@smla.cl<\/span><\/p><\/td><\/tr><tr style=\"height: 154px;\"><td style=\"width: 51.9652%; height: 154px;\" width=\"250\"><p><span style=\"color: #000000;\"><strong>CORTES REYES JOSE MANUEL<\/strong><\/span><\/p><p><span style=\"color: #000000;\">Profesor de Historia<\/span><\/p><\/td><td style=\"width: 47.6888%; height: 154px;\" width=\"250\"><p><span style=\"color: #000000;\">jcortes@smla.cl<\/span><\/p><\/td><\/tr><tr style=\"height: 180px;\"><td style=\"width: 51.9652%; height: 180px;\" width=\"250\"><p><span style=\"color: #000000;\"><strong>GHEZA PONTARELLI ROXANNA VIRGILIA<\/strong><\/span><\/p><p><span style=\"color: #000000;\">Direcci\u00f3n<\/span><\/p><\/td><td style=\"width: 47.6888%; height: 180px;\" width=\"250\"><p><span style=\"color: #000000;\">direccion@smla.cl<\/span><\/p><\/td><\/tr><tr style=\"height: 154px;\"><td style=\"width: 51.9652%; height: 154px;\" width=\"250\"><p><span style=\"color: #000000;\"><strong>GODOY VILLEGAS NANCY DELIA<\/strong><\/span><\/p><p><span style=\"color: #000000;\">UTP<\/span><\/p><\/td><td style=\"width: 47.6888%; height: 154px;\" width=\"250\"><p><span style=\"color: #000000;\">utp@smla.cl<\/span><\/p><\/td><\/tr><tr style=\"height: 207px;\"><td style=\"width: 51.9652%; height: 207px;\" width=\"250\"><p><span style=\"color: #000000;\"><strong>GONZALEZ GONZALEZ PAMELA DEL PILAR<\/strong><\/span><\/p><p><span style=\"color: #000000;\">Profesora de Lenguaje<\/span><\/p><\/td><td style=\"width: 47.6888%; height: 207px;\" width=\"250\"><p><span style=\"color: #000000;\">pgonzalez@smla.cl<\/span><\/p><\/td><\/tr><tr style=\"height: 180px;\"><td style=\"width: 51.9652%; height: 180px;\" width=\"250\"><p><span style=\"color: #000000;\"><strong>GUERRATY REBOLLEDO LEONIDES ELIANA<\/strong><\/span><\/p><p><span style=\"color: #000000;\">Inspectoria<\/span><\/p><\/td><td style=\"width: 47.6888%; height: 180px;\" width=\"250\"><p><span style=\"color: #000000;\">eguerraty@smla.cl<\/span><\/p><\/td><\/tr><tr style=\"height: 180px;\"><td style=\"width: 51.9652%; height: 180px;\" width=\"250\"><p><span style=\"color: #000000;\"><strong>HERRERA HERRERA ELIZABETH ELENA<\/strong><\/span><\/p><p><span style=\"color: #000000;\">Profesora de Ingl\u00e9s<\/span><\/p><\/td><td style=\"width: 47.6888%; height: 180px;\" width=\"250\"><p><span style=\"color: #000000;\">eherrera@smla.cl<\/span><\/p><\/td><\/tr><tr style=\"height: 26px;\"><td style=\"width: 51.9652%; height: 26px;\" width=\"250\">\u00a0<\/td><td style=\"width: 47.6888%; height: 26px;\" width=\"250\">\u00a0<\/td><\/tr><tr style=\"height: 154px;\"><td style=\"width: 51.9652%; height: 154px;\" width=\"250\"><p><span style=\"color: #000000;\"><b>COFRE CLAUDIA<\/b><\/span><\/p><p><span style=\"color: #000000;\">Profesora Ed. F\u00edsica<\/span><\/p><\/td><td style=\"width: 47.6888%; height: 154px;\" width=\"250\"><p><span style=\"color: #000000;\">claudia.cofre@smla.cl<\/span><\/p><\/td><\/tr><tr style=\"height: 207px;\"><td style=\"width: 51.9652%; height: 207px;\" width=\"250\"><p><span style=\"color: #000000;\"><strong>LEVIO MALDONADO ANDREA VICTORIA<\/strong><\/span><\/p><p><span style=\"color: #000000;\">2\u00b0 medio &#8211; Orientaci\u00f3n<\/span><\/p><\/td><td style=\"width: 47.6888%; height: 207px;\" width=\"250\"><p><span style=\"color: #000000;\">orientadora@smla.cl<\/span><\/p><\/td><\/tr><tr style=\"height: 101px;\"><td style=\"width: 51.9652%; height: 101px;\"><p><span style=\"color: #000000;\"><strong>LLANOS PAULA<\/strong><\/span><\/p><p><span style=\"color: #000000;\">Profesora de Ingl\u00e9s<\/span><\/p><\/td><td style=\"width: 47.6888%; height: 101px;\"><p><span style=\"color: #000000;\">pllanos@smla.cl<\/span><\/p><\/td><\/tr><tr style=\"height: 154px;\"><td style=\"width: 51.9652%; height: 154px;\" width=\"250\"><p><span style=\"color: #000000;\"><strong>LUZA ROSAS\u00a0 FERNANDO ANDRES<\/strong><\/span><\/p><p><span style=\"color: #000000;\">\u00a0Profesor de F\u00edsica<\/span><\/p><\/td><td style=\"width: 47.6888%; height: 154px;\" width=\"250\"><p><span style=\"color: #000000;\">frosas@smla.cl<\/span><\/p><\/td><\/tr><tr style=\"height: 180px;\"><td style=\"width: 51.9652%; height: 180px;\" width=\"250\"><p><span style=\"color: #000000;\"><strong>MEZA CANTO CECILIA BERNARDITA<\/strong><\/span><\/p><p><span style=\"color: #000000;\">Profesora de Qu\u00edmica<\/span><\/p><\/td><td style=\"width: 47.6888%; height: 180px;\" width=\"250\"><p><span style=\"color: #000000;\">cmeza@smla.cl<\/span><\/p><\/td><\/tr><tr style=\"height: 180px;\"><td style=\"width: 51.9652%; height: 180px;\" width=\"250\"><p><span style=\"color: #000000;\"><strong>MORALES MALDONADO ANDREA JULIA<\/strong><\/span><\/p><p><span style=\"color: #000000;\">Kinder &#8211; Educadora de P\u00e1rvulos<\/span><\/p><\/td><td style=\"width: 47.6888%; height: 180px;\" width=\"250\"><p><span style=\"color: #000000;\">amorales@smla.cl<\/span><\/p><\/td><\/tr><tr style=\"height: 207px;\"><td style=\"width: 51.9652%; height: 207px;\" width=\"250\"><p><span style=\"color: #000000;\"><strong>NAVARRETE SALAS FRANCISCA ANDREA<\/strong><\/span><\/p><p><span style=\"color: #000000;\">Profesora Ense\u00f1anza B\u00e1sica<\/span><\/p><\/td><td style=\"width: 47.6888%; height: 207px;\" width=\"250\"><p><span style=\"color: #000000;\">fnavarrete@smla.cl<\/span><\/p><\/td><\/tr><tr style=\"height: 154px;\"><td style=\"width: 51.9652%; height: 154px;\" width=\"250\"><p><span style=\"color: #000000;\"><strong>NIERI TURINI MONICA DANIELA<\/strong><\/span><\/p><p><span style=\"color: #000000;\">Profesora\u00a0 Ense\u00f1anza B\u00e1sica<\/span><\/p><\/td><td style=\"width: 47.6888%; height: 154px;\" width=\"250\"><p><span style=\"color: #000000;\">mnieri@smla.cl<\/span><\/p><\/td><\/tr><tr style=\"height: 207px;\"><td style=\"width: 51.9652%; height: 207px;\" width=\"250\"><p><span style=\"color: #000000;\"><strong>OYARZUN ZAMORANO ROMINA VICTORIA<\/strong><\/span><\/p><p><span style=\"color: #000000;\">PIE &#8211; Educadora Diferencial<\/span><\/p><\/td><td style=\"width: 47.6888%; height: 207px;\" width=\"250\"><p><span style=\"color: #000000;\">royarzun@smla.cl<\/span><\/p><\/td><\/tr><tr style=\"height: 127px;\"><td style=\"width: 51.9652%; height: 127px;\" width=\"250\"><p><span style=\"color: #000000;\"><strong>PEDRAZA CERDA IGNACIO ELIAS<\/strong><\/span><\/p><p><span style=\"color: #000000;\">Profesor Ed. F\u00edsica<\/span><\/p><\/td><td style=\"width: 47.6888%; height: 127px;\" width=\"250\"><p><span style=\"color: #000000;\">ipedraza@smla.cl<\/span><\/p><\/td><\/tr><tr style=\"height: 207px;\"><td style=\"width: 51.9652%; height: 207px;\" width=\"250\"><p><span style=\"color: #000000;\"><strong>RIVERA VALDOVINOS KAREN ALEJANDRA<\/strong><\/span><\/p><p><span style=\"color: #000000;\">Profesora Ense\u00f1anza B\u00e1sica<\/span><\/p><\/td><td style=\"width: 47.6888%; height: 207px;\" width=\"250\"><p><span style=\"color: #000000;\">krivera@smla.cl<\/span><\/p><\/td><\/tr><tr style=\"height: 180px;\"><td style=\"width: 51.9652%; height: 180px;\" width=\"250\"><p><span style=\"color: #000000;\"><strong>ROJAS MONSALVE JORGE HUMBERTO<\/strong><\/span><\/p><p><span style=\"color: #000000;\">Inspectoria<\/span><\/p><\/td><td style=\"width: 47.6888%; height: 180px;\" width=\"250\"><p><span style=\"color: #000000;\">jrojas@smla.cl<\/span><\/p><\/td><\/tr><tr style=\"height: 180px;\"><td style=\"width: 51.9652%; height: 180px;\"><p><span style=\"color: #000000;\"><strong>ROJAS RAM\u00cdREZ ANTONIO ALEJANDRO<\/strong><\/span><\/p><p><span style=\"color: #000000;\">Profesor de Matem\u00e1ticas<\/span><\/p><\/td><td style=\"width: 47.6888%; height: 180px;\"><p><span style=\"color: #000000;\">arojas@smla.cl<\/span><\/p><\/td><\/tr><tr style=\"height: 180px;\"><td style=\"width: 51.9652%; height: 180px;\" width=\"250\"><p><span style=\"color: #000000;\"><strong>ROJO CIFUENTES MARIANELA BERNARDITA<\/strong><\/span><\/p><p><span style=\"color: #000000;\">Inspectoria General\u00a0<\/span><\/p><\/td><td style=\"width: 47.6888%; height: 180px;\" width=\"250\"><p><span style=\"color: #000000;\">inspectoria@smla.cl<\/span><\/p><\/td><\/tr><tr style=\"height: 233px;\"><td style=\"width: 51.9652%; height: 233px;\" width=\"250\"><p><span style=\"color: #000000;\"><strong>ROMERO ORTEGA MAGDALENA DEL CARMEN<\/strong><\/span><\/p><p><span style=\"color: #000000;\">Profesora de Artes Visuales y Tecnolog\u00eda<\/span><\/p><\/td><td style=\"width: 47.6888%; height: 233px;\" width=\"250\"><p><span style=\"color: #000000;\">mromero@smla.cl<\/span><\/p><\/td><\/tr><tr style=\"height: 180px;\"><td style=\"width: 51.9652%; height: 180px;\" width=\"250\"><p><span style=\"color: #000000;\"><strong>SAN MARTIN TOY DAYANA DEL PILAR<\/strong><\/span><\/p><p><span style=\"color: #000000;\">Profesora Ense\u00f1anza B\u00e1sica<\/span><\/p><\/td><td style=\"width: 47.6888%; height: 180px;\" width=\"250\"><p><span style=\"color: #000000;\">dsanmartin@smla.cl<\/span><\/p><\/td><\/tr><tr style=\"height: 207px;\"><td style=\"width: 51.9652%; height: 207px;\" width=\"250\"><p><span style=\"color: #000000;\"><strong>SUAREZ GUERRERO NADIA KARINA<\/strong><\/span><\/p><p><span style=\"color: #000000;\">Coordinadora PIE Educadora Diferencial\u00a0\u00a0<\/span><\/p><\/td><td style=\"width: 47.6888%; height: 207px;\" width=\"250\"><p><span style=\"color: #000000;\">nadia.suarez@smla.cl \/ coordinadorapie@smla.cl<\/span><\/p><\/td><\/tr><tr style=\"height: 154px;\"><td style=\"width: 51.9652%; height: 154px;\" width=\"250\"><p><span style=\"color: #000000;\"><strong>SUCNO TORRE HUAMAN\u00a0 LILIA<\/strong><\/span><\/p><p><span style=\"color: #000000;\">Profesora de Religi\u00f3n<\/span><\/p><\/td><td style=\"width: 47.6888%; height: 154px;\" width=\"250\"><p><span style=\"color: #000000;\">sor.lily@smla.cl<\/span><\/p><\/td><\/tr><tr style=\"height: 207px;\"><td style=\"width: 51.9652%; height: 207px;\" width=\"250\"><p><span style=\"color: #000000;\"><strong>VARGAS ASTORGA PAULA CECILIA<\/strong><\/span><\/p><p><span style=\"color: #000000;\">Profesora\u00a0 de Computaci\u00f3n &#8211; Lirmi<\/span><\/p><\/td><td style=\"width: 47.6888%; height: 207px;\" width=\"250\"><p><span style=\"color: #000000;\">pvargas@smla.cl<\/span><\/p><\/td><\/tr><tr style=\"height: 180px;\"><td style=\"width: 51.9652%; height: 180px;\" width=\"250\"><p><span style=\"color: #000000;\"><strong>VELOSO MATURANA RITA INES<\/strong><\/span><\/p><p><span style=\"color: #000000;\">Profesora de Artes Visuales<\/span><\/p><\/td><td style=\"width: 47.6888%; height: 180px;\" width=\"250\"><p><span style=\"color: #000000;\">rveloso@smla.cl<\/span><\/p><\/td><\/tr><tr style=\"height: 207px;\"><td style=\"width: 51.9652%; height: 207px;\" width=\"250\"><p><span style=\"color: #000000;\"><strong>VERDUGO RIVERA\u00a0 VALESKA PAULINA<\/strong><\/span><\/p><p><span style=\"color: #000000;\">Profesora de Biolog\u00eda<\/span><\/p><\/td><td style=\"width: 47.6888%; height: 207px;\" width=\"250\"><p><span style=\"color: #000000;\">vverdugo@smla.cl<\/span><\/p><\/td><\/tr><tr style=\"height: 26px;\"><td style=\"width: 51.9652%; height: 26px;\" width=\"250\">\u00a0<\/td><td style=\"width: 47.6888%; height: 26px;\" width=\"250\">\u00a0<\/td><\/tr><tr style=\"height: 154px;\"><td style=\"width: 51.9652%; height: 154px;\" width=\"250\"><p><span style=\"color: #000000;\"><strong>ZAMORA MOLINA LIDIA CRISTINA<\/strong><\/span><\/p><p><span style=\"color: #000000;\">Profesora de Matem\u00e1ticas\u00a0<\/span><\/p><\/td><td style=\"width: 47.6888%; height: 154px;\" width=\"250\"><p><span style=\"color: #000000;\">lzamora@smla.cl<\/span><\/p><\/td><\/tr><\/tbody><\/table>\t\t\t\t\t<\/div>\n\t\t\t\t\t\t<\/div>\n\t\t\t\t<\/div>\n\t\t\t\t\t\t<\/div>\n\t\t\t\t\t<\/div>\n\t\t<\/div>\n\t\t\t\t\t\t\t\t<\/div>\n\t\t\t\t\t<\/div>\n\t\t<\/section>\n\t\t\t\t\t\t\t\t\t<\/div>\n\t\t\t<\/div>\n\t\t\t\t\t<\/div>\n\t\t","protected":false},"excerpt":{"rendered":"<p>Nombre del Profesor Correo electr\u00f3nico ARAYA ACOSTA CECILIA JACQUELINE Profesora Ense\u00f1anza B\u00e1sica caraya@smla.cl BELLO CONTRERAS GERARDO ANTONIO M\u00fasica &#8211; Profesor Ed. Musical gbello@smla.cl CACERES LAUQUEN MARIA JOSE Profesora Filosof\u00eda mjcaceres@smla.cl D\u00cdAZ IGNACIA Profesora de Religi\u00f3n idiaz@smla.cl CASTILLO MORALES JOSE LUIS Profesor de Historia jcastillo@smla.cl CORTES REYES JOSE MANUEL Profesor de Historia jcortes@smla.cl GHEZA PONTARELLI ROXANNA [&hellip;]<\/p>\n","protected":false},"author":2,"featured_media":10821,"parent":0,"menu_order":0,"comment_status":"closed","ping_status":"closed","template":"elementor_header_footer","meta":{"footnotes":""},"class_list":["post-4761","page","type-page","status-publish","has-post-thumbnail","hentry"],"_links":{"self":[{"href":"https:\/\/www.santamariadelosangeles.cl\/web\/wp-json\/wp\/v2\/pages\/4761"}],"collection":[{"href":"https:\/\/www.santamariadelosangeles.cl\/web\/wp-json\/wp\/v2\/pages"}],"about":[{"href":"https:\/\/www.santamariadelosangeles.cl\/web\/wp-json\/wp\/v2\/types\/page"}],"author":[{"embeddable":true,"href":"https:\/\/www.santamariadelosangeles.cl\/web\/wp-json\/wp\/v2\/users\/2"}],"replies":[{"embeddable":true,"href":"https:\/\/www.santamariadelosangeles.cl\/web\/wp-json\/wp\/v2\/comments?post=4761"}],"version-history":[{"count":116,"href":"https:\/\/www.santamariadelosangeles.cl\/web\/wp-json\/wp\/v2\/pages\/4761\/revisions"}],"predecessor-version":[{"id":13784,"href":"https:\/\/www.santamariadelosangeles.cl\/web\/wp-json\/wp\/v2\/pages\/4761\/revisions\/13784"}],"wp:featuredmedia":[{"embeddable":true,"href":"https:\/\/www.santamariadelosangeles.cl\/web\/wp-json\/wp\/v2\/media\/10821"}],"wp:attachment":[{"href":"https:\/\/www.santamariadelosangeles.cl\/web\/wp-json\/wp\/v2\/media?parent=4761"}],"curies":[{"name":"wp","href":"https:\/\/api.w.org\/{rel}","templated":true}]}}