{"id":4054,"date":"2022-03-17T13:17:04","date_gmt":"2022-03-17T16:17:04","guid":{"rendered":"http:\/\/www.santamariadelosangeles.cl\/web\/?page_id=4054"},"modified":"2024-08-13T09:55:07","modified_gmt":"2024-08-13T12:55:07","slug":"elementor-4054","status":"publish","type":"page","link":"https:\/\/www.santamariadelosangeles.cl\/web\/elementor-4054\/","title":{"rendered":"INTEGRANTES"},"content":{"rendered":"\t\t<div data-elementor-type=\"wp-page\" data-elementor-id=\"4054\" class=\"elementor elementor-4054\">\n\t\t\t\t\t\t<div class=\"elementor-inner\">\n\t\t\t\t<div class=\"elementor-section-wrap\">\n\t\t\t\t\t\t\t\t\t<section class=\"elementor-section elementor-top-section elementor-element elementor-element-4a4fc267 elementor-section-content-middle envato-kit-141-top-0 elementor-section-boxed elementor-section-height-default elementor-section-height-default\" data-id=\"4a4fc267\" data-element_type=\"section\" data-settings=\"{&quot;background_background&quot;:&quot;classic&quot;}\">\n\t\t\t\t\t\t\t<div class=\"elementor-background-overlay\"><\/div>\n\t\t\t\t\t\t\t<div class=\"elementor-container elementor-column-gap-wide\">\n\t\t\t\t\t\t\t<div class=\"elementor-row\">\n\t\t\t\t\t<div class=\"elementor-column elementor-col-100 elementor-top-column elementor-element elementor-element-6c783b8c\" data-id=\"6c783b8c\" data-element_type=\"column\">\n\t\t\t<div class=\"elementor-column-wrap elementor-element-populated\">\n\t\t\t\t\t\t\t<div class=\"elementor-widget-wrap\">\n\t\t\t\t\t\t<div class=\"elementor-element elementor-element-4728fa1e elementor-invisible elementor-widget elementor-widget-heading\" data-id=\"4728fa1e\" data-element_type=\"widget\" data-settings=\"{&quot;_animation&quot;:&quot;fadeIn&quot;,&quot;_animation_delay&quot;:100}\" data-widget_type=\"heading.default\">\n\t\t\t\t<div class=\"elementor-widget-container\">\n\t\t\t<h2 class=\"elementor-heading-title elementor-size-default\">EQUIPO DIRECTIVO 2024<\/h2>\t\t<\/div>\n\t\t\t\t<\/div>\n\t\t\t\t<div class=\"elementor-element elementor-element-437fcac4 elementor-widget-divider--view-line elementor-invisible elementor-widget elementor-widget-divider\" data-id=\"437fcac4\" data-element_type=\"widget\" data-settings=\"{&quot;_animation&quot;:&quot;fadeIn&quot;,&quot;_animation_delay&quot;:300}\" data-widget_type=\"divider.default\">\n\t\t\t\t<div class=\"elementor-widget-container\">\n\t\t\t\t\t<div class=\"elementor-divider\">\n\t\t\t<span class=\"elementor-divider-separator\">\n\t\t\t\t\t\t<\/span>\n\t\t<\/div>\n\t\t\t\t<\/div>\n\t\t\t\t<\/div>\n\t\t\t\t\t\t<\/div>\n\t\t\t\t\t<\/div>\n\t\t<\/div>\n\t\t\t\t\t\t\t\t<\/div>\n\t\t\t\t\t<\/div>\n\t\t<\/section>\n\t\t\t\t<section class=\"elementor-section elementor-top-section elementor-element elementor-element-1f56c62f elementor-section-boxed elementor-section-height-default elementor-section-height-default\" data-id=\"1f56c62f\" data-element_type=\"section\">\n\t\t\t\t\t\t\t<div class=\"elementor-background-overlay\"><\/div>\n\t\t\t\t\t\t\t<div class=\"elementor-container elementor-column-gap-default\">\n\t\t\t\t\t\t\t<div class=\"elementor-row\">\n\t\t\t\t\t<div class=\"elementor-column elementor-col-100 elementor-top-column elementor-element elementor-element-763885a5\" data-id=\"763885a5\" data-element_type=\"column\">\n\t\t\t<div class=\"elementor-column-wrap elementor-element-populated\">\n\t\t\t\t\t\t\t<div class=\"elementor-widget-wrap\">\n\t\t\t\t\t\t<section class=\"elementor-section elementor-inner-section elementor-element elementor-element-4fbaf9eb elementor-section-boxed elementor-section-height-default elementor-section-height-default\" data-id=\"4fbaf9eb\" data-element_type=\"section\">\n\t\t\t\t\t\t<div class=\"elementor-container elementor-column-gap-default\">\n\t\t\t\t\t\t\t<div class=\"elementor-row\">\n\t\t\t\t\t<div class=\"elementor-column elementor-col-33 elementor-inner-column elementor-element elementor-element-4c82963e\" data-id=\"4c82963e\" data-element_type=\"column\">\n\t\t\t<div class=\"elementor-column-wrap elementor-element-populated\">\n\t\t\t\t\t\t\t<div class=\"elementor-widget-wrap\">\n\t\t\t\t\t\t<div class=\"elementor-element elementor-element-6176056 elementor-widget elementor-widget-heading\" data-id=\"6176056\" data-element_type=\"widget\" data-widget_type=\"heading.default\">\n\t\t\t\t<div class=\"elementor-widget-container\">\n\t\t\t<h3 class=\"elementor-heading-title elementor-size-default\">DIRECCI\u00d3N <\/h3>\t\t<\/div>\n\t\t\t\t<\/div>\n\t\t\t\t<div class=\"elementor-element elementor-element-1ade090 elementor-position-top elementor-vertical-align-top elementor-widget elementor-widget-image-box\" data-id=\"1ade090\" data-element_type=\"widget\" data-widget_type=\"image-box.default\">\n\t\t\t\t<div class=\"elementor-widget-container\">\n\t\t\t<div class=\"elementor-image-box-wrapper\"><figure class=\"elementor-image-box-img\"><img loading=\"lazy\" decoding=\"async\" width=\"742\" height=\"1024\" src=\"https:\/\/www.santamariadelosangeles.cl\/web\/wp-content\/uploads\/2023\/11\/roxanna.jpg\" class=\"attachment-full size-full wp-image-10482\" alt=\"\" srcset=\"https:\/\/www.santamariadelosangeles.cl\/web\/wp-content\/uploads\/2023\/11\/roxanna.jpg 742w, https:\/\/www.santamariadelosangeles.cl\/web\/wp-content\/uploads\/2023\/11\/roxanna-217x300.jpg 217w\" sizes=\"(max-width: 742px) 100vw, 742px\" \/><\/figure><div class=\"elementor-image-box-content\"><h3 class=\"elementor-image-box-title\">Sra. Roxanna Gheza<\/h3><p class=\"elementor-image-box-description\">direccion@smla.cl<\/p><\/div><\/div>\t\t<\/div>\n\t\t\t\t<\/div>\n\t\t\t\t<div class=\"elementor-element elementor-element-87a2758 elementor-widget elementor-widget-text-editor\" data-id=\"87a2758\" data-element_type=\"widget\" data-widget_type=\"text-editor.default\">\n\t\t\t\t<div class=\"elementor-widget-container\">\n\t\t\t\t\t\t\t\t<div class=\"elementor-text-editor elementor-clearfix\">\n\t\t\t\t<ul><li><strong><em>Licenciada en Ling\u00fc\u00edstica y Literatura.<\/em><\/strong> Universidad de Chile<\/li><li><em><strong>Profesora de Castellano.<\/strong><\/em> Universidad de Chile<\/li><li><em><strong>Magister Universidad de Chile<\/strong><\/em><\/li><li><em><strong>Diplomada en Literatura Inglesa.<\/strong><\/em> Exeter University, Inglaterra.<\/li><li><em><strong>Diplomado en Gesti\u00f3n Directiva de Organizaciones Escolares.<\/strong><\/em> Pontificia Universidad Cat\u00f3lica de Chile<\/li><\/ul>\t\t\t\t\t<\/div>\n\t\t\t\t\t\t<\/div>\n\t\t\t\t<\/div>\n\t\t\t\t\t\t<\/div>\n\t\t\t\t\t<\/div>\n\t\t<\/div>\n\t\t\t\t<div class=\"elementor-column elementor-col-33 elementor-inner-column elementor-element elementor-element-44efad96\" data-id=\"44efad96\" data-element_type=\"column\">\n\t\t\t<div class=\"elementor-column-wrap elementor-element-populated\">\n\t\t\t\t\t\t\t<div class=\"elementor-widget-wrap\">\n\t\t\t\t\t\t<div class=\"elementor-element elementor-element-9720b88 elementor-widget elementor-widget-heading\" data-id=\"9720b88\" data-element_type=\"widget\" data-widget_type=\"heading.default\">\n\t\t\t\t<div class=\"elementor-widget-container\">\n\t\t\t<h3 class=\"elementor-heading-title elementor-size-default\">SUB- DIRECCI\u00d3N<\/h3>\t\t<\/div>\n\t\t\t\t<\/div>\n\t\t\t\t<div class=\"elementor-element elementor-element-db747b1 elementor-position-top elementor-vertical-align-top elementor-widget elementor-widget-image-box\" data-id=\"db747b1\" data-element_type=\"widget\" data-widget_type=\"image-box.default\">\n\t\t\t\t<div class=\"elementor-widget-container\">\n\t\t\t<div class=\"elementor-image-box-wrapper\"><figure class=\"elementor-image-box-img\"><img loading=\"lazy\" decoding=\"async\" width=\"650\" height=\"489\" src=\"https:\/\/www.santamariadelosangeles.cl\/web\/wp-content\/uploads\/2022\/03\/sor_marcela.jpg\" class=\"attachment-full size-full wp-image-4063\" alt=\"\" srcset=\"https:\/\/www.santamariadelosangeles.cl\/web\/wp-content\/uploads\/2022\/03\/sor_marcela.jpg 650w, https:\/\/www.santamariadelosangeles.cl\/web\/wp-content\/uploads\/2022\/03\/sor_marcela-300x226.jpg 300w\" sizes=\"(max-width: 650px) 100vw, 650px\" \/><\/figure><div class=\"elementor-image-box-content\"><h3 class=\"elementor-image-box-title\"><br>Sor Marcela Uribe<\/h3><p class=\"elementor-image-box-description\">sormarceu@hotmail.com<\/p><\/div><\/div>\t\t<\/div>\n\t\t\t\t<\/div>\n\t\t\t\t<div class=\"elementor-element elementor-element-2e08906 elementor-widget elementor-widget-text-editor\" data-id=\"2e08906\" data-element_type=\"widget\" data-widget_type=\"text-editor.default\">\n\t\t\t\t<div class=\"elementor-widget-container\">\n\t\t\t\t\t\t\t\t<div class=\"elementor-text-editor elementor-clearfix\">\n\t\t\t\t<ul><li><em><strong>Profesora de Religi\u00f3n.\u00a0 \u00a0 \u00a0 \u00a0 \u00a0 \u00a0 \u00a0 \u00a0 \u00a0 \u00a0 \u00a0\u00a0<\/strong><\/em>\u00a0Universidad Cat\u00f3lica Silva Henr\u00edquez<\/li><\/ul>\t\t\t\t\t<\/div>\n\t\t\t\t\t\t<\/div>\n\t\t\t\t<\/div>\n\t\t\t\t\t\t<\/div>\n\t\t\t\t\t<\/div>\n\t\t<\/div>\n\t\t\t\t<div class=\"elementor-column elementor-col-33 elementor-inner-column elementor-element elementor-element-90922e5\" data-id=\"90922e5\" data-element_type=\"column\">\n\t\t\t<div class=\"elementor-column-wrap elementor-element-populated\">\n\t\t\t\t\t\t\t<div class=\"elementor-widget-wrap\">\n\t\t\t\t\t\t<div class=\"elementor-element elementor-element-027f5ce elementor-widget elementor-widget-heading\" data-id=\"027f5ce\" data-element_type=\"widget\" data-widget_type=\"heading.default\">\n\t\t\t\t<div class=\"elementor-widget-container\">\n\t\t\t<h3 class=\"elementor-heading-title elementor-size-default\">DIRECCI\u00d3N \u00c1CADEMICA<\/h3>\t\t<\/div>\n\t\t\t\t<\/div>\n\t\t\t\t<div class=\"elementor-element elementor-element-02afb4a elementor-position-top elementor-vertical-align-top elementor-widget elementor-widget-image-box\" data-id=\"02afb4a\" data-element_type=\"widget\" data-widget_type=\"image-box.default\">\n\t\t\t\t<div class=\"elementor-widget-container\">\n\t\t\t<div class=\"elementor-image-box-wrapper\"><figure class=\"elementor-image-box-img\"><img loading=\"lazy\" decoding=\"async\" width=\"954\" height=\"1108\" src=\"https:\/\/www.santamariadelosangeles.cl\/web\/wp-content\/uploads\/2022\/04\/Nancy.jpg\" class=\"attachment-full size-full wp-image-4542\" alt=\"\" srcset=\"https:\/\/www.santamariadelosangeles.cl\/web\/wp-content\/uploads\/2022\/04\/Nancy.jpg 954w, https:\/\/www.santamariadelosangeles.cl\/web\/wp-content\/uploads\/2022\/04\/Nancy-258x300.jpg 258w, https:\/\/www.santamariadelosangeles.cl\/web\/wp-content\/uploads\/2022\/04\/Nancy-882x1024.jpg 882w, https:\/\/www.santamariadelosangeles.cl\/web\/wp-content\/uploads\/2022\/04\/Nancy-768x892.jpg 768w\" sizes=\"(max-width: 954px) 100vw, 954px\" \/><\/figure><div class=\"elementor-image-box-content\"><h3 class=\"elementor-image-box-title\">Sra. Nancy Godoy<\/h3><p class=\"elementor-image-box-description\">utp@smla.cl<\/p><\/div><\/div>\t\t<\/div>\n\t\t\t\t<\/div>\n\t\t\t\t<div class=\"elementor-element elementor-element-987bef6 elementor-widget elementor-widget-text-editor\" data-id=\"987bef6\" data-element_type=\"widget\" data-widget_type=\"text-editor.default\">\n\t\t\t\t<div class=\"elementor-widget-container\">\n\t\t\t\t\t\t\t\t<div class=\"elementor-text-editor elementor-clearfix\">\n\t\t\t\t<ul style=\"list-style-type: disc;\"><li><em><strong>Profesora de Educaci\u00f3n General B\u00e1sica.<\/strong><\/em> <span data-sheets-value=\"{\" data-sheets-userformat=\"{\">Pontificia Universidad Cat\u00f3lica de Chile<\/span><\/li><li><span data-sheets-value=\"{\" data-sheets-userformat=\"{\"><em><strong>Profesora de Religi\u00f3n.<\/strong><\/em> Universidad de la Sant\u00edsima Concepci\u00f3n<\/span><\/li><li><span data-sheets-value=\"{\" data-sheets-userformat=\"{\"><em><strong>Post t\u00edtulo menci\u00f3n en Matem\u00e1tica.<\/strong><\/em> Pontificia Universidad Cat\u00f3lica de Chile<\/span><\/li><li><span data-sheets-value=\"{\" data-sheets-userformat=\"{\"><strong><em>Diplomado \u00abPedagog\u00eda de la Convivencia y desarrollo de habilidades socioemocionales y \u00e9ticas\u00bb.<\/em><\/strong> Pontificia Universidad Cat\u00f3lica de Chile<\/span><\/li><li><span data-sheets-value=\"{\" data-sheets-userformat=\"{\"><em><strong>Diplomado en Gesti\u00f3n Directiva de Organizaciones Escolares.\u00a0<\/strong><\/em>\u00a0Pontificia Universidad Cat\u00f3lica de Chile<\/span><\/li><\/ul>\t\t\t\t\t<\/div>\n\t\t\t\t\t\t<\/div>\n\t\t\t\t<\/div>\n\t\t\t\t\t\t<\/div>\n\t\t\t\t\t<\/div>\n\t\t<\/div>\n\t\t\t\t\t\t\t\t<\/div>\n\t\t\t\t\t<\/div>\n\t\t<\/section>\n\t\t\t\t<div class=\"elementor-element elementor-element-d68917f elementor-widget elementor-widget-text-editor\" data-id=\"d68917f\" data-element_type=\"widget\" data-widget_type=\"text-editor.default\">\n\t\t\t\t<div class=\"elementor-widget-container\">\n\t\t\t\t\t\t\t\t<div class=\"elementor-text-editor elementor-clearfix\">\n\t\t\t\t\t\t\t\t\t<\/div>\n\t\t\t\t\t\t<\/div>\n\t\t\t\t<\/div>\n\t\t\t\t<section class=\"elementor-section elementor-inner-section elementor-element elementor-element-aee6e9e elementor-section-boxed elementor-section-height-default elementor-section-height-default\" data-id=\"aee6e9e\" data-element_type=\"section\">\n\t\t\t\t\t\t<div class=\"elementor-container elementor-column-gap-default\">\n\t\t\t\t\t\t\t<div class=\"elementor-row\">\n\t\t\t\t\t<div class=\"elementor-column elementor-col-33 elementor-inner-column elementor-element elementor-element-24ab4495\" data-id=\"24ab4495\" data-element_type=\"column\">\n\t\t\t<div class=\"elementor-column-wrap elementor-element-populated\">\n\t\t\t\t\t\t\t<div class=\"elementor-widget-wrap\">\n\t\t\t\t\t\t<div class=\"elementor-element elementor-element-65a25d19 elementor-widget elementor-widget-heading\" data-id=\"65a25d19\" data-element_type=\"widget\" data-widget_type=\"heading.default\">\n\t\t\t\t<div class=\"elementor-widget-container\">\n\t\t\t<h3 class=\"elementor-heading-title elementor-size-default\">INSPECTORIA GENERAL<\/h3>\t\t<\/div>\n\t\t\t\t<\/div>\n\t\t\t\t<div class=\"elementor-element elementor-element-6df06c6 elementor-position-top elementor-vertical-align-top elementor-widget elementor-widget-image-box\" data-id=\"6df06c6\" data-element_type=\"widget\" data-widget_type=\"image-box.default\">\n\t\t\t\t<div class=\"elementor-widget-container\">\n\t\t\t<div class=\"elementor-image-box-wrapper\"><figure class=\"elementor-image-box-img\"><img loading=\"lazy\" decoding=\"async\" width=\"1080\" height=\"1080\" src=\"https:\/\/www.santamariadelosangeles.cl\/web\/wp-content\/uploads\/2023\/11\/marianela.jpg\" class=\"attachment-full size-full wp-image-10481\" alt=\"\" srcset=\"https:\/\/www.santamariadelosangeles.cl\/web\/wp-content\/uploads\/2023\/11\/marianela.jpg 1080w, https:\/\/www.santamariadelosangeles.cl\/web\/wp-content\/uploads\/2023\/11\/marianela-300x300.jpg 300w, https:\/\/www.santamariadelosangeles.cl\/web\/wp-content\/uploads\/2023\/11\/marianela-1024x1024.jpg 1024w, https:\/\/www.santamariadelosangeles.cl\/web\/wp-content\/uploads\/2023\/11\/marianela-150x150.jpg 150w, https:\/\/www.santamariadelosangeles.cl\/web\/wp-content\/uploads\/2023\/11\/marianela-768x768.jpg 768w, https:\/\/www.santamariadelosangeles.cl\/web\/wp-content\/uploads\/2023\/11\/marianela-100x100.jpg 100w\" sizes=\"(max-width: 1080px) 100vw, 1080px\" \/><\/figure><div class=\"elementor-image-box-content\"><h3 class=\"elementor-image-box-title\">Sra. Marianela Rojo<\/h3><p class=\"elementor-image-box-description\">inspectoria@smla.cl<\/p><\/div><\/div>\t\t<\/div>\n\t\t\t\t<\/div>\n\t\t\t\t<div class=\"elementor-element elementor-element-4b02ee4 elementor-widget elementor-widget-text-editor\" data-id=\"4b02ee4\" data-element_type=\"widget\" data-widget_type=\"text-editor.default\">\n\t\t\t\t<div class=\"elementor-widget-container\">\n\t\t\t\t\t\t\t\t<div class=\"elementor-text-editor elementor-clearfix\">\n\t\t\t\t<ul style=\"list-style-type: disc;\"><li><em><strong>Licenciatura en Educaci\u00f3n y\u00a0 en Biolog\u00eda<\/strong><\/em>. Universidad Cat\u00f3lica de Valpara\u00edso &#8211; Universidad Andr\u00e9s Bello<\/li><li><em><strong>Profesora de Biolog\u00eda<\/strong><\/em>. Universidad Andr\u00e9s Bello<\/li><li><em><strong>Diplomado en Gesti\u00f3n estrat\u00e9gica de instituciones educacionales.<\/strong><\/em> Universidad Nacional Andr\u00e9s Bello<\/li><\/ul>\t\t\t\t\t<\/div>\n\t\t\t\t\t\t<\/div>\n\t\t\t\t<\/div>\n\t\t\t\t\t\t<\/div>\n\t\t\t\t\t<\/div>\n\t\t<\/div>\n\t\t\t\t<div class=\"elementor-column elementor-col-33 elementor-inner-column elementor-element elementor-element-4c11e6e\" data-id=\"4c11e6e\" data-element_type=\"column\">\n\t\t\t<div class=\"elementor-column-wrap elementor-element-populated\">\n\t\t\t\t\t\t\t<div class=\"elementor-widget-wrap\">\n\t\t\t\t\t\t<div class=\"elementor-element elementor-element-93752b5 elementor-widget elementor-widget-heading\" data-id=\"93752b5\" data-element_type=\"widget\" data-widget_type=\"heading.default\">\n\t\t\t\t<div class=\"elementor-widget-container\">\n\t\t\t<h3 class=\"elementor-heading-title elementor-size-default\">ORIENTACI\u00d3N<\/h3>\t\t<\/div>\n\t\t\t\t<\/div>\n\t\t\t\t<div class=\"elementor-element elementor-element-e1cb803 elementor-position-top elementor-vertical-align-top elementor-widget elementor-widget-image-box\" data-id=\"e1cb803\" data-element_type=\"widget\" data-widget_type=\"image-box.default\">\n\t\t\t\t<div class=\"elementor-widget-container\">\n\t\t\t<div class=\"elementor-image-box-wrapper\"><figure class=\"elementor-image-box-img\"><img loading=\"lazy\" decoding=\"async\" width=\"1280\" height=\"959\" src=\"https:\/\/www.santamariadelosangeles.cl\/web\/wp-content\/uploads\/2023\/11\/andrea_levio.jpg\" class=\"attachment-full size-full wp-image-10480\" alt=\"\" srcset=\"https:\/\/www.santamariadelosangeles.cl\/web\/wp-content\/uploads\/2023\/11\/andrea_levio.jpg 1280w, https:\/\/www.santamariadelosangeles.cl\/web\/wp-content\/uploads\/2023\/11\/andrea_levio-300x225.jpg 300w, https:\/\/www.santamariadelosangeles.cl\/web\/wp-content\/uploads\/2023\/11\/andrea_levio-1024x767.jpg 1024w, https:\/\/www.santamariadelosangeles.cl\/web\/wp-content\/uploads\/2023\/11\/andrea_levio-768x575.jpg 768w\" sizes=\"(max-width: 1280px) 100vw, 1280px\" \/><\/figure><div class=\"elementor-image-box-content\"><h3 class=\"elementor-image-box-title\">Srta. Andrea Levio<\/h3><p class=\"elementor-image-box-description\">orientadora@smla.cl<\/p><\/div><\/div>\t\t<\/div>\n\t\t\t\t<\/div>\n\t\t\t\t<div class=\"elementor-element elementor-element-9a1f96a elementor-widget elementor-widget-text-editor\" data-id=\"9a1f96a\" data-element_type=\"widget\" data-widget_type=\"text-editor.default\">\n\t\t\t\t<div class=\"elementor-widget-container\">\n\t\t\t\t\t\t\t\t<div class=\"elementor-text-editor elementor-clearfix\">\n\t\t\t\t<ul style=\"list-style-type: disc;\"><li><em><strong>Licenciatura en Educaci\u00f3n y pedagog\u00eda en Filosof\u00eda<\/strong><\/em>. Universidad Metropolitana de Ciencias de la Educaci\u00f3n.<\/li><li><em><strong>Profesora de Filosof\u00eda<\/strong><\/em>.\u00a0Universidad Metropolitana de Ciencias de la Educaci\u00f3n.<\/li><li><em><strong>Postitulo en Orientaci\u00f3n Educacional.<\/strong><\/em> \u00a0Universidad Cat\u00f3lica del Norte<\/li><\/ul>\t\t\t\t\t<\/div>\n\t\t\t\t\t\t<\/div>\n\t\t\t\t<\/div>\n\t\t\t\t<div class=\"elementor-element elementor-element-a6d1e98 elementor-widget elementor-widget-text-editor\" data-id=\"a6d1e98\" data-element_type=\"widget\" data-widget_type=\"text-editor.default\">\n\t\t\t\t<div class=\"elementor-widget-container\">\n\t\t\t\t\t\t\t\t<div class=\"elementor-text-editor elementor-clearfix\">\n\t\t\t\t\t\t\t\t\t<\/div>\n\t\t\t\t\t\t<\/div>\n\t\t\t\t<\/div>\n\t\t\t\t\t\t<\/div>\n\t\t\t\t\t<\/div>\n\t\t<\/div>\n\t\t\t\t<div class=\"elementor-column elementor-col-33 elementor-inner-column elementor-element elementor-element-8275da4\" data-id=\"8275da4\" data-element_type=\"column\">\n\t\t\t<div class=\"elementor-column-wrap elementor-element-populated\">\n\t\t\t\t\t\t\t<div class=\"elementor-widget-wrap\">\n\t\t\t\t\t\t<div class=\"elementor-element elementor-element-48c939c elementor-widget elementor-widget-heading\" data-id=\"48c939c\" data-element_type=\"widget\" data-widget_type=\"heading.default\">\n\t\t\t\t<div class=\"elementor-widget-container\">\n\t\t\t<h3 class=\"elementor-heading-title elementor-size-default\">COORDINACI\u00d3N DE PASTORAL<\/h3>\t\t<\/div>\n\t\t\t\t<\/div>\n\t\t\t\t<div class=\"elementor-element elementor-element-5517413 elementor-position-top elementor-vertical-align-top elementor-widget elementor-widget-image-box\" data-id=\"5517413\" data-element_type=\"widget\" data-widget_type=\"image-box.default\">\n\t\t\t\t<div class=\"elementor-widget-container\">\n\t\t\t<div class=\"elementor-image-box-wrapper\"><figure class=\"elementor-image-box-img\"><img loading=\"lazy\" decoding=\"async\" width=\"298\" height=\"300\" src=\"https:\/\/www.santamariadelosangeles.cl\/web\/wp-content\/uploads\/2023\/05\/sor_lily-298x300.jpg\" class=\"attachment-medium size-medium wp-image-7442\" alt=\"\" srcset=\"https:\/\/www.santamariadelosangeles.cl\/web\/wp-content\/uploads\/2023\/05\/sor_lily-298x300.jpg 298w, https:\/\/www.santamariadelosangeles.cl\/web\/wp-content\/uploads\/2023\/05\/sor_lily-150x150.jpg 150w, https:\/\/www.santamariadelosangeles.cl\/web\/wp-content\/uploads\/2023\/05\/sor_lily.jpg 768w\" sizes=\"(max-width: 298px) 100vw, 298px\" \/><\/figure><div class=\"elementor-image-box-content\"><h3 class=\"elementor-image-box-title\">Sor Lily Sucno Torre<\/h3><p class=\"elementor-image-box-description\">sor.lily@smla.cl<\/p><\/div><\/div>\t\t<\/div>\n\t\t\t\t<\/div>\n\t\t\t\t<div class=\"elementor-element elementor-element-258e5a7 elementor-widget elementor-widget-text-editor\" data-id=\"258e5a7\" data-element_type=\"widget\" data-widget_type=\"text-editor.default\">\n\t\t\t\t<div class=\"elementor-widget-container\">\n\t\t\t\t\t\t\t\t<div class=\"elementor-text-editor elementor-clearfix\">\n\t\t\t\t<ul style=\"list-style-type: disc;\"><li><strong>Profesora de Religi\u00f3n. <em>Ense\u00f1anza B\u00e1sica\u00a0\u00a0<\/em><\/strong><\/li><li><em><strong>Coordinadora de Pastoral<\/strong><\/em><\/li><\/ul>\t\t\t\t\t<\/div>\n\t\t\t\t\t\t<\/div>\n\t\t\t\t<\/div>\n\t\t\t\t<div class=\"elementor-element elementor-element-d2a9814 elementor-widget elementor-widget-text-editor\" data-id=\"d2a9814\" data-element_type=\"widget\" data-widget_type=\"text-editor.default\">\n\t\t\t\t<div class=\"elementor-widget-container\">\n\t\t\t\t\t\t\t\t<div class=\"elementor-text-editor elementor-clearfix\">\n\t\t\t\t\t\t\t\t\t<\/div>\n\t\t\t\t\t\t<\/div>\n\t\t\t\t<\/div>\n\t\t\t\t\t\t<\/div>\n\t\t\t\t\t<\/div>\n\t\t<\/div>\n\t\t\t\t\t\t\t\t<\/div>\n\t\t\t\t\t<\/div>\n\t\t<\/section>\n\t\t\t\t\t\t<\/div>\n\t\t\t\t\t<\/div>\n\t\t<\/div>\n\t\t\t\t\t\t\t\t<\/div>\n\t\t\t\t\t<\/div>\n\t\t<\/section>\n\t\t\t\t\t\t\t\t\t<\/div>\n\t\t\t<\/div>\n\t\t\t\t\t<\/div>\n\t\t","protected":false},"excerpt":{"rendered":"<p>EQUIPO DIRECTIVO 2024 DIRECCI\u00d3N Sra. Roxanna Gheza direccion@smla.cl Licenciada en Ling\u00fc\u00edstica y Literatura. Universidad de Chile Profesora de Castellano. Universidad de Chile Magister Universidad de Chile Diplomada en Literatura Inglesa. Exeter University, Inglaterra. Diplomado en Gesti\u00f3n Directiva de Organizaciones Escolares. Pontificia Universidad Cat\u00f3lica de Chile SUB- DIRECCI\u00d3N Sor Marcela Uribe sormarceu@hotmail.com Profesora de Religi\u00f3n.\u00a0 \u00a0 [&hellip;]<\/p>\n","protected":false},"author":2,"featured_media":0,"parent":0,"menu_order":0,"comment_status":"closed","ping_status":"closed","template":"","meta":{"footnotes":""},"class_list":["post-4054","page","type-page","status-publish","hentry"],"_links":{"self":[{"href":"https:\/\/www.santamariadelosangeles.cl\/web\/wp-json\/wp\/v2\/pages\/4054"}],"collection":[{"href":"https:\/\/www.santamariadelosangeles.cl\/web\/wp-json\/wp\/v2\/pages"}],"about":[{"href":"https:\/\/www.santamariadelosangeles.cl\/web\/wp-json\/wp\/v2\/types\/page"}],"author":[{"embeddable":true,"href":"https:\/\/www.santamariadelosangeles.cl\/web\/wp-json\/wp\/v2\/users\/2"}],"replies":[{"embeddable":true,"href":"https:\/\/www.santamariadelosangeles.cl\/web\/wp-json\/wp\/v2\/comments?post=4054"}],"version-history":[{"count":74,"href":"https:\/\/www.santamariadelosangeles.cl\/web\/wp-json\/wp\/v2\/pages\/4054\/revisions"}],"predecessor-version":[{"id":11970,"href":"https:\/\/www.santamariadelosangeles.cl\/web\/wp-json\/wp\/v2\/pages\/4054\/revisions\/11970"}],"wp:attachment":[{"href":"https:\/\/www.santamariadelosangeles.cl\/web\/wp-json\/wp\/v2\/media?parent=4054"}],"curies":[{"name":"wp","href":"https:\/\/api.w.org\/{rel}","templated":true}]}}