{"id":360,"date":"2020-10-21T13:29:04","date_gmt":"2020-10-21T13:29:04","guid":{"rendered":"http:\/\/www.santamariadelosangeles.cl\/web\/?page_id=360"},"modified":"2024-04-22T13:29:48","modified_gmt":"2024-04-22T16:29:48","slug":"educacion_diferencial","status":"publish","type":"page","link":"https:\/\/www.santamariadelosangeles.cl\/web\/educacion_diferencial\/","title":{"rendered":"EDUCACI\u00d3N DIFERENCIAL"},"content":{"rendered":"\t\t<div data-elementor-type=\"wp-page\" data-elementor-id=\"360\" class=\"elementor elementor-360\">\n\t\t\t\t\t\t<div class=\"elementor-inner\">\n\t\t\t\t<div class=\"elementor-section-wrap\">\n\t\t\t\t\t\t\t\t\t<section class=\"elementor-section elementor-top-section elementor-element elementor-element-adf048d elementor-section-boxed elementor-section-height-default elementor-section-height-default\" data-id=\"adf048d\" data-element_type=\"section\">\n\t\t\t\t\t\t<div class=\"elementor-container elementor-column-gap-default\">\n\t\t\t\t\t\t\t<div class=\"elementor-row\">\n\t\t\t\t\t<div class=\"elementor-column elementor-col-100 elementor-top-column elementor-element elementor-element-139ed2b\" data-id=\"139ed2b\" data-element_type=\"column\">\n\t\t\t<div class=\"elementor-column-wrap elementor-element-populated\">\n\t\t\t\t\t\t\t<div class=\"elementor-widget-wrap\">\n\t\t\t\t\t\t<div class=\"elementor-element elementor-element-ea606ca elementor-widget elementor-widget-theme-post-title elementor-page-title elementor-widget-heading\" data-id=\"ea606ca\" data-element_type=\"widget\" data-widget_type=\"theme-post-title.default\">\n\t\t\t\t<div class=\"elementor-widget-container\">\n\t\t\t<h1 class=\"elementor-heading-title elementor-size-large\">EDUCACI\u00d3N DIFERENCIAL<\/h1>\t\t<\/div>\n\t\t\t\t<\/div>\n\t\t\t\t\t\t<\/div>\n\t\t\t\t\t<\/div>\n\t\t<\/div>\n\t\t\t\t\t\t\t\t<\/div>\n\t\t\t\t\t<\/div>\n\t\t<\/section>\n\t\t\t\t<section class=\"elementor-section elementor-top-section elementor-element elementor-element-f7d1a01 elementor-section-boxed elementor-section-height-default elementor-section-height-default\" data-id=\"f7d1a01\" data-element_type=\"section\">\n\t\t\t\t\t\t<div class=\"elementor-container elementor-column-gap-default\">\n\t\t\t\t\t\t\t<div class=\"elementor-row\">\n\t\t\t\t\t<div class=\"elementor-column elementor-col-100 elementor-top-column elementor-element elementor-element-8255e93\" data-id=\"8255e93\" data-element_type=\"column\">\n\t\t\t<div class=\"elementor-column-wrap elementor-element-populated\">\n\t\t\t\t\t\t\t<div class=\"elementor-widget-wrap\">\n\t\t\t\t\t\t<div class=\"elementor-element elementor-element-ee746b3 elementor-widget elementor-widget-text-editor\" data-id=\"ee746b3\" data-element_type=\"widget\" data-widget_type=\"text-editor.default\">\n\t\t\t\t<div class=\"elementor-widget-container\">\n\t\t\t\t\t\t\t\t<div class=\"elementor-text-editor elementor-clearfix\">\n\t\t\t\t<h6>Algunas de sus principal acciones son:<\/h6><ul><li>Evaluaci\u00f3n psicopedag\u00f3gica de ingreso y reevaluaci\u00f3n.<\/li><li>Elaboraci\u00f3n de informe especialista, confecci\u00f3n de estado de avance, Formulario \u00danico (FU) de ingreso\/reevaluaci\u00f3n e informe a la familia.<\/li><li>Elaboraci\u00f3n de Plan de Apoyo Individual o Grupal (seg\u00fan necesidad) y colaboraci\u00f3n en Adecuaci\u00f3n Curricular.<\/li><li>Entrega de apoyo psicopedag\u00f3gico de forma individual o grupal en aula de recursos seg\u00fan necesidad.<\/li><li>Entrega de apoyo psicopedag\u00f3gico en aula com\u00fan.<\/li><li>Orientaci\u00f3n y apoyo t\u00e9cnico a padres y apoderados.<\/li><li>Realizar trabajo colaborativo con docente de aula.<\/li><\/ul>\t\t\t\t\t<\/div>\n\t\t\t\t\t\t<\/div>\n\t\t\t\t<\/div>\n\t\t\t\t\t\t<\/div>\n\t\t\t\t\t<\/div>\n\t\t<\/div>\n\t\t\t\t\t\t\t\t<\/div>\n\t\t\t\t\t<\/div>\n\t\t<\/section>\n\t\t\t\t<section class=\"elementor-section elementor-top-section elementor-element elementor-element-5f7318c elementor-section-boxed elementor-section-height-default elementor-section-height-default\" data-id=\"5f7318c\" data-element_type=\"section\">\n\t\t\t\t\t\t<div class=\"elementor-container elementor-column-gap-default\">\n\t\t\t\t\t\t\t<div class=\"elementor-row\">\n\t\t\t\t\t<div class=\"elementor-column elementor-col-100 elementor-top-column elementor-element elementor-element-778938c\" data-id=\"778938c\" data-element_type=\"column\">\n\t\t\t<div class=\"elementor-column-wrap elementor-element-populated\">\n\t\t\t\t\t\t\t<div class=\"elementor-widget-wrap\">\n\t\t\t\t\t\t<div class=\"elementor-element elementor-element-b8d3952 elementor-nav-menu__align-center elementor-nav-menu--dropdown-tablet elementor-nav-menu__text-align-aside elementor-nav-menu--toggle elementor-nav-menu--burger elementor-widget elementor-widget-nav-menu\" data-id=\"b8d3952\" data-element_type=\"widget\" data-settings=\"{&quot;layout&quot;:&quot;horizontal&quot;,&quot;submenu_icon&quot;:{&quot;value&quot;:&quot;&lt;i class=\\&quot;fas fa-caret-down\\&quot;&gt;&lt;\\\/i&gt;&quot;,&quot;library&quot;:&quot;fa-solid&quot;},&quot;toggle&quot;:&quot;burger&quot;}\" data-widget_type=\"nav-menu.default\">\n\t\t\t\t<div class=\"elementor-widget-container\">\n\t\t\t\t\t\t<nav class=\"elementor-nav-menu--main elementor-nav-menu__container elementor-nav-menu--layout-horizontal e--pointer-underline e--animation-fade\">\n\t\t\t\t<ul id=\"menu-1-b8d3952\" class=\"elementor-nav-menu\"><li class=\"menu-item menu-item-type-post_type menu-item-object-page menu-item-386\"><a href=\"https:\/\/www.santamariadelosangeles.cl\/web\/pie\/\" class=\"elementor-item\">EQUIPO PIE<\/a><\/li>\n<li class=\"menu-item menu-item-type-post_type menu-item-object-page menu-item-385\"><a href=\"https:\/\/www.santamariadelosangeles.cl\/web\/coordinacion_pie\/\" class=\"elementor-item\">COORDINACI\u00d3N PIE<\/a><\/li>\n<li class=\"menu-item menu-item-type-post_type menu-item-object-page menu-item-384\"><a href=\"https:\/\/www.santamariadelosangeles.cl\/web\/fonoaudiologia\/\" class=\"elementor-item\">FONOAUDIOLOG\u00cdA<\/a><\/li>\n<li class=\"menu-item menu-item-type-post_type menu-item-object-page menu-item-383\"><a href=\"https:\/\/www.santamariadelosangeles.cl\/web\/educacion_diferencial\/\" class=\"elementor-item\">EDUCACI\u00d3N DIFERENCIAL<\/a><\/li>\n<li class=\"menu-item menu-item-type-post_type menu-item-object-page menu-item-382\"><a href=\"https:\/\/www.santamariadelosangeles.cl\/web\/psicologia\/\" class=\"elementor-item\">PSICOLOG\u00cdA<\/a><\/li>\n<\/ul>\t\t\t<\/nav>\n\t\t\t\t\t<div class=\"elementor-menu-toggle\" role=\"button\" tabindex=\"0\" aria-label=\"Menu Toggle\" aria-expanded=\"false\">\n\t\t\t<i aria-hidden=\"true\" role=\"presentation\" class=\"elementor-menu-toggle__icon--open eicon-menu-bar\"><\/i><i aria-hidden=\"true\" role=\"presentation\" class=\"elementor-menu-toggle__icon--close eicon-close\"><\/i>\t\t\t<span class=\"elementor-screen-only\">Menu<\/span>\n\t\t<\/div>\n\t\t\t\t\t<nav class=\"elementor-nav-menu--dropdown elementor-nav-menu__container\" aria-hidden=\"true\">\n\t\t\t\t<ul id=\"menu-2-b8d3952\" class=\"elementor-nav-menu\"><li class=\"menu-item menu-item-type-post_type menu-item-object-page menu-item-386\"><a href=\"https:\/\/www.santamariadelosangeles.cl\/web\/pie\/\" class=\"elementor-item\" tabindex=\"-1\">EQUIPO PIE<\/a><\/li>\n<li class=\"menu-item menu-item-type-post_type menu-item-object-page menu-item-385\"><a href=\"https:\/\/www.santamariadelosangeles.cl\/web\/coordinacion_pie\/\" class=\"elementor-item\" tabindex=\"-1\">COORDINACI\u00d3N PIE<\/a><\/li>\n<li class=\"menu-item menu-item-type-post_type menu-item-object-page menu-item-384\"><a href=\"https:\/\/www.santamariadelosangeles.cl\/web\/fonoaudiologia\/\" class=\"elementor-item\" tabindex=\"-1\">FONOAUDIOLOG\u00cdA<\/a><\/li>\n<li class=\"menu-item menu-item-type-post_type menu-item-object-page menu-item-383\"><a href=\"https:\/\/www.santamariadelosangeles.cl\/web\/educacion_diferencial\/\" class=\"elementor-item\" tabindex=\"-1\">EDUCACI\u00d3N DIFERENCIAL<\/a><\/li>\n<li class=\"menu-item menu-item-type-post_type menu-item-object-page menu-item-382\"><a href=\"https:\/\/www.santamariadelosangeles.cl\/web\/psicologia\/\" class=\"elementor-item\" tabindex=\"-1\">PSICOLOG\u00cdA<\/a><\/li>\n<\/ul>\t\t\t<\/nav>\n\t\t\t\t<\/div>\n\t\t\t\t<\/div>\n\t\t\t\t\t\t<\/div>\n\t\t\t\t\t<\/div>\n\t\t<\/div>\n\t\t\t\t\t\t\t\t<\/div>\n\t\t\t\t\t<\/div>\n\t\t<\/section>\n\t\t\t\t\t\t\t\t\t<\/div>\n\t\t\t<\/div>\n\t\t\t\t\t<\/div>\n\t\t","protected":false},"excerpt":{"rendered":"<p>Algunas de sus principal acciones son: Evaluaci\u00f3n psicopedag\u00f3gica de ingreso y reevaluaci\u00f3n. Elaboraci\u00f3n de informe especialista, confecci\u00f3n de estado de avance, Formulario \u00danico (FU) de ingreso\/reevaluaci\u00f3n e informe a la familia. Elaboraci\u00f3n de Plan de Apoyo Individual o Grupal (seg\u00fan necesidad) y colaboraci\u00f3n en Adecuaci\u00f3n Curricular. Entrega de apoyo psicopedag\u00f3gico de forma individual o grupal [&hellip;]<\/p>\n","protected":false},"author":2,"featured_media":0,"parent":0,"menu_order":0,"comment_status":"closed","ping_status":"closed","template":"","meta":{"footnotes":""},"class_list":["post-360","page","type-page","status-publish","hentry"],"_links":{"self":[{"href":"https:\/\/www.santamariadelosangeles.cl\/web\/wp-json\/wp\/v2\/pages\/360"}],"collection":[{"href":"https:\/\/www.santamariadelosangeles.cl\/web\/wp-json\/wp\/v2\/pages"}],"about":[{"href":"https:\/\/www.santamariadelosangeles.cl\/web\/wp-json\/wp\/v2\/types\/page"}],"author":[{"embeddable":true,"href":"https:\/\/www.santamariadelosangeles.cl\/web\/wp-json\/wp\/v2\/users\/2"}],"replies":[{"embeddable":true,"href":"https:\/\/www.santamariadelosangeles.cl\/web\/wp-json\/wp\/v2\/comments?post=360"}],"version-history":[{"count":27,"href":"https:\/\/www.santamariadelosangeles.cl\/web\/wp-json\/wp\/v2\/pages\/360\/revisions"}],"predecessor-version":[{"id":11058,"href":"https:\/\/www.santamariadelosangeles.cl\/web\/wp-json\/wp\/v2\/pages\/360\/revisions\/11058"}],"wp:attachment":[{"href":"https:\/\/www.santamariadelosangeles.cl\/web\/wp-json\/wp\/v2\/media?parent=360"}],"curies":[{"name":"wp","href":"https:\/\/api.w.org\/{rel}","templated":true}]}}