{"id":157,"date":"2020-10-14T14:31:11","date_gmt":"2020-10-14T17:31:11","guid":{"rendered":"http:\/\/www.santamariadelosangeles.cl\/web\/?page_id=157"},"modified":"2022-05-13T09:45:51","modified_gmt":"2022-05-13T12:45:51","slug":"himno-del-colegio","status":"publish","type":"page","link":"https:\/\/www.santamariadelosangeles.cl\/web\/himno-del-colegio\/","title":{"rendered":"HIMNO DEL COLEGIO"},"content":{"rendered":"\n<figure class=\"wp-block-pullquote\"><blockquote><p>Letra y M\u00fasica: Profesor Jorge Gonz\u00e1lez Guerra<\/p><\/blockquote><\/figure>\n\n\n\n<p class=\"has-text-align-center\"><strong>I<\/strong><br>Entonemos con mucha alegr\u00eda<br>Nuestro himno de fraternidad<br>Recibiendo de nuestros maestros<br>La cultura, la fe y la verdad.<\/p>\n\n\n\n<p class=\"has-text-align-center\"><strong>II<\/strong><br>Adornando los patios del Colegio<br>Germinamos como un capullo en flor,<br>Estudiantes inquietos de alegr\u00eda<br>Creceremos en frutos de amor.<\/p>\n\n\n\n<p class=\"has-text-align-center\"><strong>Coro<\/strong><br>El Colegio Mar\u00eda de los \u00c1ngeles<br>va modelando nuestra ilusi\u00f3n,<br>San Francisco ilumina nuestras vidas<br>con ideales de paz y amor. (bis)<\/p>\n\n\n\n<p class=\"has-text-align-center\"><strong>III<\/strong><br>Caminemos labrando el futuro<br>Compartamos el pan de la verdad<br>y si el camino se pierde en un abismo<br>fe en la vida ser\u00e1 nuestro cantar. IV<br>Que a tus manos se unan otras manos<br>que a tus ojos acuda el amor<br>y que germine en nuestros corazones<br>la semilla de Cristo labrador.<\/p>\n","protected":false},"excerpt":{"rendered":"<p>Letra y M\u00fasica: Profesor Jorge Gonz\u00e1lez Guerra IEntonemos con mucha alegr\u00edaNuestro himno de fraternidadRecibiendo de nuestros maestrosLa cultura, la fe y la verdad. IIAdornando los patios del ColegioGerminamos como un capullo en flor,Estudiantes inquietos de alegr\u00edaCreceremos en frutos de amor. CoroEl Colegio Mar\u00eda de los \u00c1ngelesva modelando nuestra ilusi\u00f3n,San Francisco ilumina nuestras vidascon ideales de [&hellip;]<\/p>\n","protected":false},"author":1,"featured_media":0,"parent":0,"menu_order":0,"comment_status":"closed","ping_status":"closed","template":"elementor_header_footer","meta":{"footnotes":""},"class_list":["post-157","page","type-page","status-publish","hentry"],"_links":{"self":[{"href":"https:\/\/www.santamariadelosangeles.cl\/web\/wp-json\/wp\/v2\/pages\/157"}],"collection":[{"href":"https:\/\/www.santamariadelosangeles.cl\/web\/wp-json\/wp\/v2\/pages"}],"about":[{"href":"https:\/\/www.santamariadelosangeles.cl\/web\/wp-json\/wp\/v2\/types\/page"}],"author":[{"embeddable":true,"href":"https:\/\/www.santamariadelosangeles.cl\/web\/wp-json\/wp\/v2\/users\/1"}],"replies":[{"embeddable":true,"href":"https:\/\/www.santamariadelosangeles.cl\/web\/wp-json\/wp\/v2\/comments?post=157"}],"version-history":[{"count":2,"href":"https:\/\/www.santamariadelosangeles.cl\/web\/wp-json\/wp\/v2\/pages\/157\/revisions"}],"predecessor-version":[{"id":4948,"href":"https:\/\/www.santamariadelosangeles.cl\/web\/wp-json\/wp\/v2\/pages\/157\/revisions\/4948"}],"wp:attachment":[{"href":"https:\/\/www.santamariadelosangeles.cl\/web\/wp-json\/wp\/v2\/media?parent=157"}],"curies":[{"name":"wp","href":"https:\/\/api.w.org\/{rel}","templated":true}]}}