{"id":120,"date":"2020-10-14T00:48:44","date_gmt":"2020-10-14T00:48:44","guid":{"rendered":"http:\/\/www.santamariadelosangeles.cl\/web\/?page_id=120"},"modified":"2025-03-18T09:45:18","modified_gmt":"2025-03-18T12:45:18","slug":"vision-y-mision","status":"publish","type":"page","link":"https:\/\/www.santamariadelosangeles.cl\/web\/vision-y-mision\/","title":{"rendered":"VISI\u00d3N Y MISI\u00d3N"},"content":{"rendered":"\t\t<div data-elementor-type=\"wp-page\" data-elementor-id=\"120\" class=\"elementor elementor-120\">\n\t\t\t\t\t\t<div class=\"elementor-inner\">\n\t\t\t\t<div class=\"elementor-section-wrap\">\n\t\t\t\t\t\t\t\t\t<section class=\"elementor-section elementor-top-section elementor-element elementor-element-590e3249 elementor-section-boxed elementor-section-height-default elementor-section-height-default\" data-id=\"590e3249\" data-element_type=\"section\">\n\t\t\t\t\t\t<div class=\"elementor-container elementor-column-gap-default\">\n\t\t\t\t\t\t\t<div class=\"elementor-row\">\n\t\t\t\t\t<div class=\"elementor-column elementor-col-100 elementor-top-column elementor-element elementor-element-6300ae64\" data-id=\"6300ae64\" data-element_type=\"column\">\n\t\t\t<div class=\"elementor-column-wrap elementor-element-populated\">\n\t\t\t\t\t\t\t<div class=\"elementor-widget-wrap\">\n\t\t\t\t\t\t<div class=\"elementor-element elementor-element-74ec4d0a elementor-widget elementor-widget-text-editor\" data-id=\"74ec4d0a\" data-element_type=\"widget\" data-widget_type=\"text-editor.default\">\n\t\t\t\t<div class=\"elementor-widget-container\">\n\t\t\t\t\t\t\t\t<div class=\"elementor-text-editor elementor-clearfix\">\n\t\t\t\t<!-- wp:paragraph -->\n<p><span style=\"color: #000000;\"><strong>VISI\u00d3N<\/strong><\/span><\/p>\n<p><span style=\"color: #000000;\"><!-- \/wp:paragraph --><!-- wp:paragraph --><\/span><\/p>\n<p><span style=\"color: #000000;\">Aspiramos a que la pedagog\u00eda del amor de Cristo redima a la persona como hijos (as) de Dios; que la fraternidad sea el motor principal de los v\u00ednculos afectivos en la familia, con los amigos en la comunidad educativa y en la sociedad, teniendo un cuidado especial por la creaci\u00f3n donde cada persona promueva la paz y el bien.<\/span><\/p>\n<p><strong><span style=\"color: #000000;\">MISI\u00d3N<\/span><\/strong><\/p>\n<p><span style=\"color: #000000;\">Buscamos formar personas integras, que logren un desarrollo intelectual, socioemocional, espiritual, f\u00edsico y con su entorno; favoreciendo sus capacidades, habilidades y actitudes con valores humanos y cat\u00f3licos; con visi\u00f3n franciscana que les posibilite llegar a ser personas de paz y bien.<\/span><\/p>\n<!-- \/wp:paragraph -->\t\t\t\t\t<\/div>\n\t\t\t\t\t\t<\/div>\n\t\t\t\t<\/div>\n\t\t\t\t\t\t<\/div>\n\t\t\t\t\t<\/div>\n\t\t<\/div>\n\t\t\t\t\t\t\t\t<\/div>\n\t\t\t\t\t<\/div>\n\t\t<\/section>\n\t\t\t\t\t\t\t\t\t<\/div>\n\t\t\t<\/div>\n\t\t\t\t\t<\/div>\n\t\t","protected":false},"excerpt":{"rendered":"<p>VISI\u00d3N Aspiramos a que la pedagog\u00eda del amor de Cristo redima a la persona como hijos (as) de Dios; que la fraternidad sea el motor principal de los v\u00ednculos afectivos en la familia, con los amigos en la comunidad educativa y en la sociedad, teniendo un cuidado especial por la creaci\u00f3n donde cada persona promueva [&hellip;]<\/p>\n","protected":false},"author":1,"featured_media":0,"parent":0,"menu_order":0,"comment_status":"closed","ping_status":"closed","template":"","meta":{"footnotes":""},"class_list":["post-120","page","type-page","status-publish","hentry"],"_links":{"self":[{"href":"https:\/\/www.santamariadelosangeles.cl\/web\/wp-json\/wp\/v2\/pages\/120"}],"collection":[{"href":"https:\/\/www.santamariadelosangeles.cl\/web\/wp-json\/wp\/v2\/pages"}],"about":[{"href":"https:\/\/www.santamariadelosangeles.cl\/web\/wp-json\/wp\/v2\/types\/page"}],"author":[{"embeddable":true,"href":"https:\/\/www.santamariadelosangeles.cl\/web\/wp-json\/wp\/v2\/users\/1"}],"replies":[{"embeddable":true,"href":"https:\/\/www.santamariadelosangeles.cl\/web\/wp-json\/wp\/v2\/comments?post=120"}],"version-history":[{"count":11,"href":"https:\/\/www.santamariadelosangeles.cl\/web\/wp-json\/wp\/v2\/pages\/120\/revisions"}],"predecessor-version":[{"id":12724,"href":"https:\/\/www.santamariadelosangeles.cl\/web\/wp-json\/wp\/v2\/pages\/120\/revisions\/12724"}],"wp:attachment":[{"href":"https:\/\/www.santamariadelosangeles.cl\/web\/wp-json\/wp\/v2\/media?parent=120"}],"curies":[{"name":"wp","href":"https:\/\/api.w.org\/{rel}","templated":true}]}}